{"id":2603,"date":"2026-04-17T14:35:24","date_gmt":"2026-04-17T14:35:24","guid":{"rendered":"https:\/\/ibanez.adv.br\/?page_id=2603"},"modified":"2026-04-22T14:48:38","modified_gmt":"2026-04-22T14:48:38","slug":"insights","status":"publish","type":"page","link":"https:\/\/ibanez.adv.br\/index.php\/insights\/","title":{"rendered":"Insights"},"content":{"rendered":"\t\t<div data-elementor-type=\"wp-page\" data-elementor-id=\"2603\" class=\"elementor elementor-2603\">\n\t\t\t\t<div class=\"elementor-element elementor-element-41cee85 e-con-full e-flex wpr-particle-no wpr-jarallax-no wpr-parallax-no wpr-sticky-section-no wpr-equal-height-no e-con e-parent\" data-id=\"41cee85\" data-element_type=\"container\" data-e-type=\"container\" data-settings=\"{&quot;background_background&quot;:&quot;classic&quot;}\">\n\t\t\t\t<div class=\"elementor-element elementor-element-109d7ed elementor-widget elementor-widget-heading\" data-id=\"109d7ed\" data-element_type=\"widget\" data-e-type=\"widget\" data-widget_type=\"heading.default\">\n\t\t\t\t\t<h2 class=\"elementor-heading-title elementor-size-default\">Insights<\/h2>\t\t\t\t<\/div>\n\t\t\t\t<div class=\"elementor-element elementor-element-e95645e elementor-widget elementor-widget-heading\" data-id=\"e95645e\" data-element_type=\"widget\" data-e-type=\"widget\" data-widget_type=\"heading.default\">\n\t\t\t\t\t<h2 class=\"elementor-heading-title elementor-size-default\">Estrutura jur\u00eddica s\u00f3lida para o crescimento e a estabilidade das empresas.<\/h2>\t\t\t\t<\/div>\n\t\t\t\t<\/div>\n\t\t<div class=\"elementor-element elementor-element-ff2557d e-flex e-con-boxed wpr-particle-no wpr-jarallax-no wpr-parallax-no wpr-sticky-section-no wpr-equal-height-no e-con e-child\" data-id=\"ff2557d\" data-element_type=\"container\" data-e-type=\"container\">\n\t\t\t\t\t<div class=\"e-con-inner\">\n\t\t<div class=\"elementor-element elementor-element-34ba756 e-con-full e-flex wpr-particle-no wpr-jarallax-no wpr-parallax-no wpr-sticky-section-no wpr-equal-height-no e-con e-child\" data-id=\"34ba756\" data-element_type=\"container\" data-e-type=\"container\">\n\t\t\t\t<div class=\"elementor-element elementor-element-11e799b animated-fast elementor-invisible elementor-widget elementor-widget-qt-custom-heading\" data-id=\"11e799b\" data-element_type=\"widget\" data-e-type=\"widget\" data-settings=\"{&quot;_animation&quot;:&quot;proven-fadeInUp&quot;}\" data-widget_type=\"qt-custom-heading.default\">\n\t\t\t\t\t        <div class=\"custom-heading no-gradient\">\n                            <span class=\"custom-heading__subtitle\">Insights Jur\u00eddicos<\/span>\n                        <h2 class=\"custom-heading__title\">An\u00e1lises estrat\u00e9gicas para decis\u00f5es mais seguras<\/h2>        <\/div>\n        \t\t\t\t<\/div>\n\t\t\t\t<div class=\"elementor-element elementor-element-fab7226 elementor-widget elementor-widget-text-editor\" data-id=\"fab7226\" data-element_type=\"widget\" data-e-type=\"widget\" data-widget_type=\"text-editor.default\">\n\t\t\t\t\t\t\t\t\t<p>Nesta p\u00e1gina, reunimos artigos e conte\u00fados que exploram temas relevantes do universo jur\u00eddico, sempre com uma abordagem pr\u00e1tica, estrat\u00e9gica e atualizada. Nosso objetivo \u00e9 oferecer reflex\u00f5es que auxiliem na compreens\u00e3o de cen\u00e1rios complexos, antecipem riscos e contribuam para decis\u00f5es mais assertivas, tanto no \u00e2mbito empresarial quanto patrimonial.<\/p>\t\t\t\t\t\t\t\t<\/div>\n\t\t\t\t<div class=\"elementor-element elementor-element-e26241a wpr-grid-columns-3 wpr-grid-columns--laptop3 wpr-grid-columns--tablet2 wpr-grid-columns--mobile1 wpr-grid-pagination-center wpr-item-styles-inner elementor-widget elementor-widget-wpr-grid\" data-id=\"e26241a\" data-element_type=\"widget\" data-e-type=\"widget\" data-widget_type=\"wpr-grid.default\">\n\t\t\t\t\t<ul class=\"wpr-grid-filters elementor-clearfix wpr-grid-filters-sep-right\"><li class=\" wpr-pointer-none wpr-pointer-line-fx wpr-pointer-fx-none\"><span  data-filter=\"*\" class=\"wpr-grid-filters-item wpr-active-filter \">All Posts<\/span><em class=\"wpr-grid-filters-sep\"><\/em><\/li><\/ul><section class=\"wpr-grid elementor-clearfix\" data-settings=\"{&quot;layout&quot;:&quot;fitRows&quot;,&quot;stick_last_element_to_bottom&quot;:&quot;&quot;,&quot;columns_desktop&quot;:3,&quot;gutter_hr&quot;:15,&quot;gutter_hr_mobile&quot;:15,&quot;gutter_hr_mobile_extra&quot;:15,&quot;gutter_hr_tablet&quot;:15,&quot;gutter_hr_tablet_extra&quot;:15,&quot;gutter_hr_laptop&quot;:15,&quot;gutter_hr_widescreen&quot;:15,&quot;gutter_vr&quot;:15,&quot;gutter_vr_mobile&quot;:15,&quot;gutter_vr_mobile_extra&quot;:15,&quot;gutter_vr_tablet&quot;:15,&quot;gutter_vr_tablet_extra&quot;:15,&quot;gutter_vr_laptop&quot;:15,&quot;gutter_vr_widescreen&quot;:15,&quot;animation&quot;:&quot;zoom&quot;,&quot;animation_duration&quot;:0.299999999999999988897769753748434595763683319091796875,&quot;animation_delay&quot;:0.1000000000000000055511151231257827021181583404541015625,&quot;deeplinking&quot;:&quot;&quot;,&quot;filters_linkable&quot;:&quot;no&quot;,&quot;filters_default_filter&quot;:&quot;&quot;,&quot;filters_count&quot;:&quot;&quot;,&quot;filters_hide_empty&quot;:&quot;no&quot;,&quot;filters_animation&quot;:&quot;default&quot;,&quot;filters_animation_duration&quot;:0.299999999999999988897769753748434595763683319091796875,&quot;filters_animation_delay&quot;:0.1000000000000000055511151231257827021181583404541015625,&quot;pagination_type&quot;:&quot;load-more&quot;,&quot;pagination_max_pages&quot;:1,&quot;lightbox&quot;:{&quot;selector&quot;:&quot;.wpr-grid-image-wrap&quot;,&quot;iframeMaxWidth&quot;:&quot;60%&quot;,&quot;hash&quot;:false,&quot;autoplay&quot;:&quot;true&quot;,&quot;pause&quot;:5000,&quot;progressBar&quot;:&quot;true&quot;,&quot;counter&quot;:&quot;true&quot;,&quot;controls&quot;:&quot;true&quot;,&quot;getCaptionFromTitleOrAlt&quot;:&quot;true&quot;,&quot;thumbnail&quot;:&quot;&quot;,&quot;showThumbByDefault&quot;:&quot;&quot;,&quot;share&quot;:&quot;&quot;,&quot;zoom&quot;:&quot;true&quot;,&quot;fullScreen&quot;:&quot;true&quot;,&quot;download&quot;:&quot;true&quot;}}\" data-advanced-filters=\"no\"><article class=\"wpr-grid-item elementor-clearfix post-2689 page type-page status-publish has-post-thumbnail hentry\"><div class=\"wpr-grid-item-inner\"><div class=\"wpr-grid-media-wrap wpr-effect-size-medium \" data-overlay-link=\"yes\"><div class=\"wpr-grid-image-wrap\" data-src=\"https:\/\/ibanez.adv.br\/wp-content\/uploads\/2026\/04\/Reforma-do-Co\u0301digo-Civil.webp\" data-img-on-hover=\"\"  data-src-secondary=\"\"><img decoding=\"async\" data-no-lazy=\"1\" src=\"https:\/\/ibanez.adv.br\/wp-content\/uploads\/2026\/04\/Reforma-do-Co\u0301digo-Civil.webp\" alt=\"Reforma do C\u00f3digo Civil\" class=\"wpr-anim-timing-ease-default\"><\/div><div class=\"wpr-grid-media-hover wpr-animation-wrap\"><div class=\"wpr-grid-media-hover-bg  wpr-overlay-fade-in wpr-anim-size-large wpr-anim-timing-ease-default wpr-anim-transparency\" data-url=\"https:\/\/ibanez.adv.br\/index.php\/insights\/reforma-do-codigo-civil\/\"><\/div><\/div><\/div><div class=\"wpr-grid-item-below-content elementor-clearfix\"><h2 class=\"wpr-grid-item-title elementor-repeater-item-b191b00 wpr-grid-item-display-block wpr-grid-item-align-left wpr-pointer-none wpr-pointer-line-fx wpr-pointer-fx-fade\"><div class=\"inner-block\"><a target=\"_self\"  href=\"https:\/\/ibanez.adv.br\/index.php\/insights\/reforma-do-codigo-civil\/\">Reforma do C\u00f3digo Civil<\/a><\/div><\/h2><div class=\"wpr-grid-item-read-more elementor-repeater-item-0cd0e23 wpr-grid-item-display-block wpr-grid-item-align-left\"><div class=\"inner-block\"><a target=\"_self\" href=\"https:\/\/ibanez.adv.br\/index.php\/insights\/reforma-do-codigo-civil\/\" class=\"wpr-button-effect wpr-button-none\"><span>Ler Artigo<\/span><\/a><\/div><\/div><\/div><\/div><\/article><article class=\"wpr-grid-item elementor-clearfix post-2680 page type-page status-publish has-post-thumbnail hentry\"><div class=\"wpr-grid-item-inner\"><div class=\"wpr-grid-media-wrap wpr-effect-size-medium \" data-overlay-link=\"yes\"><div class=\"wpr-grid-image-wrap\" data-src=\"https:\/\/ibanez.adv.br\/wp-content\/uploads\/2026\/04\/Estatuto-da-Crianc\u0327a-e-do-Adolescente.webp\" data-img-on-hover=\"\"  data-src-secondary=\"\"><img decoding=\"async\" data-no-lazy=\"1\" src=\"https:\/\/ibanez.adv.br\/wp-content\/uploads\/2026\/04\/Estatuto-da-Crianc\u0327a-e-do-Adolescente.webp\" alt=\"O ECA Digital: Responsabilidades parentais e a prote\u00e7\u00e3o da inf\u00e2ncia no ambiente Virtual\" class=\"wpr-anim-timing-ease-default\"><\/div><div class=\"wpr-grid-media-hover wpr-animation-wrap\"><div class=\"wpr-grid-media-hover-bg  wpr-overlay-fade-in wpr-anim-size-large wpr-anim-timing-ease-default wpr-anim-transparency\" data-url=\"https:\/\/ibanez.adv.br\/index.php\/insights\/o-eca-digital-responsabilidades-parentais-e-a-protecao-da-infancia-no-ambiente-virtual\/\"><\/div><\/div><\/div><div class=\"wpr-grid-item-below-content elementor-clearfix\"><h2 class=\"wpr-grid-item-title elementor-repeater-item-b191b00 wpr-grid-item-display-block wpr-grid-item-align-left wpr-pointer-none wpr-pointer-line-fx wpr-pointer-fx-fade\"><div class=\"inner-block\"><a target=\"_self\"  href=\"https:\/\/ibanez.adv.br\/index.php\/insights\/o-eca-digital-responsabilidades-parentais-e-a-protecao-da-infancia-no-ambiente-virtual\/\">O ECA Digital: Responsabilidades parentais e a prote\u00e7\u00e3o da inf\u00e2ncia no ambiente Virtual<\/a><\/div><\/h2><div class=\"wpr-grid-item-read-more elementor-repeater-item-0cd0e23 wpr-grid-item-display-block wpr-grid-item-align-left\"><div class=\"inner-block\"><a target=\"_self\" href=\"https:\/\/ibanez.adv.br\/index.php\/insights\/o-eca-digital-responsabilidades-parentais-e-a-protecao-da-infancia-no-ambiente-virtual\/\" class=\"wpr-button-effect wpr-button-none\"><span>Ler Artigo<\/span><\/a><\/div><\/div><\/div><\/div><\/article><article class=\"wpr-grid-item elementor-clearfix post-2670 page type-page status-publish has-post-thumbnail hentry\"><div class=\"wpr-grid-item-inner\"><div class=\"wpr-grid-media-wrap wpr-effect-size-medium \" data-overlay-link=\"yes\"><div class=\"wpr-grid-image-wrap\" data-src=\"https:\/\/ibanez.adv.br\/wp-content\/uploads\/2026\/04\/O-Novo-Cena\u0301rio-de-Tributac\u0327a\u0303o-de-Lucros.webp\" data-img-on-hover=\"\"  data-src-secondary=\"\"><img decoding=\"async\" data-no-lazy=\"1\" src=\"https:\/\/ibanez.adv.br\/wp-content\/uploads\/2026\/04\/O-Novo-Cena\u0301rio-de-Tributac\u0327a\u0303o-de-Lucros.webp\" alt=\"O Novo Cen\u00e1rio de Tributa\u00e7\u00e3o de Lucros e Dividendos no Brasil\" class=\"wpr-anim-timing-ease-default\"><\/div><div class=\"wpr-grid-media-hover wpr-animation-wrap\"><div class=\"wpr-grid-media-hover-bg  wpr-overlay-fade-in wpr-anim-size-large wpr-anim-timing-ease-default wpr-anim-transparency\" data-url=\"https:\/\/ibanez.adv.br\/index.php\/insights\/o-novo-cenario-de-tributacao-de-lucros-e-dividendos-no-brasil\/\"><\/div><\/div><\/div><div class=\"wpr-grid-item-below-content elementor-clearfix\"><h2 class=\"wpr-grid-item-title elementor-repeater-item-b191b00 wpr-grid-item-display-block wpr-grid-item-align-left wpr-pointer-none wpr-pointer-line-fx wpr-pointer-fx-fade\"><div class=\"inner-block\"><a target=\"_self\"  href=\"https:\/\/ibanez.adv.br\/index.php\/insights\/o-novo-cenario-de-tributacao-de-lucros-e-dividendos-no-brasil\/\">O Novo Cen\u00e1rio de Tributa\u00e7\u00e3o de Lucros e Dividendos no Brasil<\/a><\/div><\/h2><div class=\"wpr-grid-item-read-more elementor-repeater-item-0cd0e23 wpr-grid-item-display-block wpr-grid-item-align-left\"><div class=\"inner-block\"><a target=\"_self\" href=\"https:\/\/ibanez.adv.br\/index.php\/insights\/o-novo-cenario-de-tributacao-de-lucros-e-dividendos-no-brasil\/\" class=\"wpr-button-effect wpr-button-none\"><span>Ler Artigo<\/span><\/a><\/div><\/div><\/div><\/div><\/article><article class=\"wpr-grid-item elementor-clearfix post-2658 page type-page status-publish has-post-thumbnail hentry\"><div class=\"wpr-grid-item-inner\"><div class=\"wpr-grid-media-wrap wpr-effect-size-medium \" data-overlay-link=\"yes\"><div class=\"wpr-grid-image-wrap\" data-src=\"https:\/\/ibanez.adv.br\/wp-content\/uploads\/2026\/04\/Locacao-de-bens.webp\" data-img-on-hover=\"\"  data-src-secondary=\"\"><img decoding=\"async\" data-no-lazy=\"1\" src=\"https:\/\/ibanez.adv.br\/wp-content\/uploads\/2026\/04\/Locacao-de-bens.webp\" alt=\"Novo regime de loca\u00e7\u00e3o de bens pr\u00f3prios\" class=\"wpr-anim-timing-ease-default\"><\/div><div class=\"wpr-grid-media-hover wpr-animation-wrap\"><div class=\"wpr-grid-media-hover-bg  wpr-overlay-fade-in wpr-anim-size-large wpr-anim-timing-ease-default wpr-anim-transparency\" data-url=\"https:\/\/ibanez.adv.br\/index.php\/insights\/novo-regime-de-locacao-de-bens-proprios\/\"><\/div><\/div><\/div><div class=\"wpr-grid-item-below-content elementor-clearfix\"><h2 class=\"wpr-grid-item-title elementor-repeater-item-b191b00 wpr-grid-item-display-block wpr-grid-item-align-left wpr-pointer-none wpr-pointer-line-fx wpr-pointer-fx-fade\"><div class=\"inner-block\"><a target=\"_self\"  href=\"https:\/\/ibanez.adv.br\/index.php\/insights\/novo-regime-de-locacao-de-bens-proprios\/\">Novo regime de loca\u00e7\u00e3o de bens pr\u00f3prios<\/a><\/div><\/h2><div class=\"wpr-grid-item-read-more elementor-repeater-item-0cd0e23 wpr-grid-item-display-block wpr-grid-item-align-left\"><div class=\"inner-block\"><a target=\"_self\" href=\"https:\/\/ibanez.adv.br\/index.php\/insights\/novo-regime-de-locacao-de-bens-proprios\/\" class=\"wpr-button-effect wpr-button-none\"><span>Ler Artigo<\/span><\/a><\/div><\/div><\/div><\/div><\/article><article class=\"wpr-grid-item elementor-clearfix post-2622 page type-page status-publish has-post-thumbnail hentry\"><div class=\"wpr-grid-item-inner\"><div class=\"wpr-grid-media-wrap wpr-effect-size-medium \" data-overlay-link=\"yes\"><div class=\"wpr-grid-image-wrap\" data-src=\"https:\/\/ibanez.adv.br\/wp-content\/uploads\/2024\/05\/Aluguel.webp\" data-img-on-hover=\"\"  data-src-secondary=\"\"><img decoding=\"async\" data-no-lazy=\"1\" src=\"https:\/\/ibanez.adv.br\/wp-content\/uploads\/2024\/05\/Aluguel.webp\" alt=\"Aluguel de Im\u00f3veis: Por que a assessoria jur\u00eddica \u00e9 o seu maior seguro patrimonial?\" class=\"wpr-anim-timing-ease-default\"><\/div><div class=\"wpr-grid-media-hover wpr-animation-wrap\"><div class=\"wpr-grid-media-hover-bg  wpr-overlay-fade-in wpr-anim-size-large wpr-anim-timing-ease-default wpr-anim-transparency\" data-url=\"https:\/\/ibanez.adv.br\/index.php\/insights\/aluguel-de-imoveis-por-que-a-assessoria-juridica-e-o-seu-maior-seguro-patrimonial\/\"><\/div><\/div><\/div><div class=\"wpr-grid-item-below-content elementor-clearfix\"><h2 class=\"wpr-grid-item-title elementor-repeater-item-b191b00 wpr-grid-item-display-block wpr-grid-item-align-left wpr-pointer-none wpr-pointer-line-fx wpr-pointer-fx-fade\"><div class=\"inner-block\"><a target=\"_self\"  href=\"https:\/\/ibanez.adv.br\/index.php\/insights\/aluguel-de-imoveis-por-que-a-assessoria-juridica-e-o-seu-maior-seguro-patrimonial\/\">Aluguel de Im\u00f3veis: Por que a assessoria jur\u00eddica \u00e9 o seu maior seguro patrimonial?<\/a><\/div><\/h2><div class=\"wpr-grid-item-read-more elementor-repeater-item-0cd0e23 wpr-grid-item-display-block wpr-grid-item-align-left\"><div class=\"inner-block\"><a target=\"_self\" href=\"https:\/\/ibanez.adv.br\/index.php\/insights\/aluguel-de-imoveis-por-que-a-assessoria-juridica-e-o-seu-maior-seguro-patrimonial\/\" class=\"wpr-button-effect wpr-button-none\"><span>Ler Artigo<\/span><\/a><\/div><\/div><\/div><\/div><\/article><\/section>\t\t\t\t<\/div>\n\t\t\t\t<\/div>\n\t\t\t\t\t<\/div>\n\t\t\t\t<\/div>\n\t\t\t\t<\/div>\n\t\t","protected":false},"excerpt":{"rendered":"<p>Prote\u00e7\u00e3o, estrat\u00e9gia e seguran\u00e7a para o seu patrim\u00f4nio.<\/p>\n","protected":false},"author":2,"featured_media":2605,"parent":0,"menu_order":0,"comment_status":"closed","ping_status":"closed","template":"","meta":{"_acf_changed":false,"footnotes":""},"class_list":["post-2603","page","type-page","status-publish","has-post-thumbnail","hentry"],"acf":[],"yoast_head":"<!-- This site is optimized with the Yoast SEO plugin v27.1.1 - https:\/\/yoast.com\/product\/yoast-seo-wordpress\/ -->\n<title>Insights - Iba\u00f1ez Advogados Associados<\/title>\n<meta name=\"description\" content=\"Explore an\u00e1lises estrat\u00e9gicas para decis\u00f5es mais seguras. Entenda cen\u00e1rios complexos e antecipe riscos no ambiente jur\u00eddico.\" \/>\n<meta name=\"robots\" content=\"index, follow, max-snippet:-1, max-image-preview:large, max-video-preview:-1\" \/>\n<link rel=\"canonical\" href=\"https:\/\/ibanez.adv.br\/index.php\/insights\/\" \/>\n<meta property=\"og:locale\" content=\"en_US\" \/>\n<meta property=\"og:type\" content=\"article\" \/>\n<meta property=\"og:title\" content=\"Insights - Iba\u00f1ez Advogados Associados\" \/>\n<meta property=\"og:description\" content=\"Explore an\u00e1lises estrat\u00e9gicas para decis\u00f5es mais seguras. Entenda cen\u00e1rios complexos e antecipe riscos no ambiente jur\u00eddico.\" \/>\n<meta property=\"og:url\" content=\"https:\/\/ibanez.adv.br\/index.php\/insights\/\" \/>\n<meta property=\"og:site_name\" content=\"Iba\u00f1ez Advogados Associados\" \/>\n<meta property=\"article:modified_time\" content=\"2026-04-22T14:48:38+00:00\" \/>\n<meta property=\"og:image\" content=\"https:\/\/ibanez.adv.br\/wp-content\/uploads\/2026\/04\/Insights.webp\" \/>\n\t<meta property=\"og:image:width\" content=\"1920\" \/>\n\t<meta property=\"og:image:height\" content=\"640\" \/>\n\t<meta property=\"og:image:type\" content=\"image\/webp\" \/>\n<meta name=\"twitter:card\" content=\"summary_large_image\" \/>\n<meta name=\"twitter:label1\" content=\"Est. reading time\" \/>\n\t<meta name=\"twitter:data1\" content=\"2 minutes\" \/>\n<script type=\"application\/ld+json\" class=\"yoast-schema-graph\">{\"@context\":\"https:\/\/schema.org\",\"@graph\":[{\"@type\":\"WebPage\",\"@id\":\"https:\/\/ibanez.adv.br\/index.php\/insights\/\",\"url\":\"https:\/\/ibanez.adv.br\/index.php\/insights\/\",\"name\":\"Insights - Iba\u00f1ez Advogados Associados\",\"isPartOf\":{\"@id\":\"https:\/\/ibanez.adv.br\/#website\"},\"primaryImageOfPage\":{\"@id\":\"https:\/\/ibanez.adv.br\/index.php\/insights\/#primaryimage\"},\"image\":{\"@id\":\"https:\/\/ibanez.adv.br\/index.php\/insights\/#primaryimage\"},\"thumbnailUrl\":\"https:\/\/ibanez.adv.br\/wp-content\/uploads\/2026\/04\/Insights.webp\",\"datePublished\":\"2026-04-17T14:35:24+00:00\",\"dateModified\":\"2026-04-22T14:48:38+00:00\",\"description\":\"Explore an\u00e1lises estrat\u00e9gicas para decis\u00f5es mais seguras. Entenda cen\u00e1rios complexos e antecipe riscos no ambiente jur\u00eddico.\",\"breadcrumb\":{\"@id\":\"https:\/\/ibanez.adv.br\/index.php\/insights\/#breadcrumb\"},\"inLanguage\":\"en-US\",\"potentialAction\":[{\"@type\":\"ReadAction\",\"target\":[\"https:\/\/ibanez.adv.br\/index.php\/insights\/\"]}]},{\"@type\":\"ImageObject\",\"inLanguage\":\"en-US\",\"@id\":\"https:\/\/ibanez.adv.br\/index.php\/insights\/#primaryimage\",\"url\":\"https:\/\/ibanez.adv.br\/wp-content\/uploads\/2026\/04\/Insights.webp\",\"contentUrl\":\"https:\/\/ibanez.adv.br\/wp-content\/uploads\/2026\/04\/Insights.webp\",\"width\":1920,\"height\":640},{\"@type\":\"BreadcrumbList\",\"@id\":\"https:\/\/ibanez.adv.br\/index.php\/insights\/#breadcrumb\",\"itemListElement\":[{\"@type\":\"ListItem\",\"position\":1,\"name\":\"Home\",\"item\":\"https:\/\/ibanez.adv.br\/\"},{\"@type\":\"ListItem\",\"position\":2,\"name\":\"Insights\"}]},{\"@type\":\"WebSite\",\"@id\":\"https:\/\/ibanez.adv.br\/#website\",\"url\":\"https:\/\/ibanez.adv.br\/\",\"name\":\"Iba\u00f1ez Advogados Associados\",\"description\":\"\",\"publisher\":{\"@id\":\"https:\/\/ibanez.adv.br\/#organization\"},\"potentialAction\":[{\"@type\":\"SearchAction\",\"target\":{\"@type\":\"EntryPoint\",\"urlTemplate\":\"https:\/\/ibanez.adv.br\/?s={search_term_string}\"},\"query-input\":{\"@type\":\"PropertyValueSpecification\",\"valueRequired\":true,\"valueName\":\"search_term_string\"}}],\"inLanguage\":\"en-US\"},{\"@type\":\"Organization\",\"@id\":\"https:\/\/ibanez.adv.br\/#organization\",\"name\":\"Iba\u00f1ez Advogados Associados\",\"url\":\"https:\/\/ibanez.adv.br\/\",\"logo\":{\"@type\":\"ImageObject\",\"inLanguage\":\"en-US\",\"@id\":\"https:\/\/ibanez.adv.br\/#\/schema\/logo\/image\/\",\"url\":\"\",\"contentUrl\":\"\",\"caption\":\"Iba\u00f1ez Advogados Associados\"},\"image\":{\"@id\":\"https:\/\/ibanez.adv.br\/#\/schema\/logo\/image\/\"}}]}<\/script>\n<!-- \/ Yoast SEO plugin. -->","yoast_head_json":{"title":"Insights - Iba\u00f1ez Advogados Associados","description":"Explore an\u00e1lises estrat\u00e9gicas para decis\u00f5es mais seguras. Entenda cen\u00e1rios complexos e antecipe riscos no ambiente jur\u00eddico.","robots":{"index":"index","follow":"follow","max-snippet":"max-snippet:-1","max-image-preview":"max-image-preview:large","max-video-preview":"max-video-preview:-1"},"canonical":"https:\/\/ibanez.adv.br\/index.php\/insights\/","og_locale":"en_US","og_type":"article","og_title":"Insights - Iba\u00f1ez Advogados Associados","og_description":"Explore an\u00e1lises estrat\u00e9gicas para decis\u00f5es mais seguras. Entenda cen\u00e1rios complexos e antecipe riscos no ambiente jur\u00eddico.","og_url":"https:\/\/ibanez.adv.br\/index.php\/insights\/","og_site_name":"Iba\u00f1ez Advogados Associados","article_modified_time":"2026-04-22T14:48:38+00:00","og_image":[{"width":1920,"height":640,"url":"https:\/\/ibanez.adv.br\/wp-content\/uploads\/2026\/04\/Insights.webp","type":"image\/webp"}],"twitter_card":"summary_large_image","twitter_misc":{"Est. reading time":"2 minutes"},"schema":{"@context":"https:\/\/schema.org","@graph":[{"@type":"WebPage","@id":"https:\/\/ibanez.adv.br\/index.php\/insights\/","url":"https:\/\/ibanez.adv.br\/index.php\/insights\/","name":"Insights - Iba\u00f1ez Advogados Associados","isPartOf":{"@id":"https:\/\/ibanez.adv.br\/#website"},"primaryImageOfPage":{"@id":"https:\/\/ibanez.adv.br\/index.php\/insights\/#primaryimage"},"image":{"@id":"https:\/\/ibanez.adv.br\/index.php\/insights\/#primaryimage"},"thumbnailUrl":"https:\/\/ibanez.adv.br\/wp-content\/uploads\/2026\/04\/Insights.webp","datePublished":"2026-04-17T14:35:24+00:00","dateModified":"2026-04-22T14:48:38+00:00","description":"Explore an\u00e1lises estrat\u00e9gicas para decis\u00f5es mais seguras. Entenda cen\u00e1rios complexos e antecipe riscos no ambiente jur\u00eddico.","breadcrumb":{"@id":"https:\/\/ibanez.adv.br\/index.php\/insights\/#breadcrumb"},"inLanguage":"en-US","potentialAction":[{"@type":"ReadAction","target":["https:\/\/ibanez.adv.br\/index.php\/insights\/"]}]},{"@type":"ImageObject","inLanguage":"en-US","@id":"https:\/\/ibanez.adv.br\/index.php\/insights\/#primaryimage","url":"https:\/\/ibanez.adv.br\/wp-content\/uploads\/2026\/04\/Insights.webp","contentUrl":"https:\/\/ibanez.adv.br\/wp-content\/uploads\/2026\/04\/Insights.webp","width":1920,"height":640},{"@type":"BreadcrumbList","@id":"https:\/\/ibanez.adv.br\/index.php\/insights\/#breadcrumb","itemListElement":[{"@type":"ListItem","position":1,"name":"Home","item":"https:\/\/ibanez.adv.br\/"},{"@type":"ListItem","position":2,"name":"Insights"}]},{"@type":"WebSite","@id":"https:\/\/ibanez.adv.br\/#website","url":"https:\/\/ibanez.adv.br\/","name":"Iba\u00f1ez Advogados Associados","description":"","publisher":{"@id":"https:\/\/ibanez.adv.br\/#organization"},"potentialAction":[{"@type":"SearchAction","target":{"@type":"EntryPoint","urlTemplate":"https:\/\/ibanez.adv.br\/?s={search_term_string}"},"query-input":{"@type":"PropertyValueSpecification","valueRequired":true,"valueName":"search_term_string"}}],"inLanguage":"en-US"},{"@type":"Organization","@id":"https:\/\/ibanez.adv.br\/#organization","name":"Iba\u00f1ez Advogados Associados","url":"https:\/\/ibanez.adv.br\/","logo":{"@type":"ImageObject","inLanguage":"en-US","@id":"https:\/\/ibanez.adv.br\/#\/schema\/logo\/image\/","url":"","contentUrl":"","caption":"Iba\u00f1ez Advogados Associados"},"image":{"@id":"https:\/\/ibanez.adv.br\/#\/schema\/logo\/image\/"}}]}},"_links":{"self":[{"href":"https:\/\/ibanez.adv.br\/index.php\/wp-json\/wp\/v2\/pages\/2603","targetHints":{"allow":["GET"]}}],"collection":[{"href":"https:\/\/ibanez.adv.br\/index.php\/wp-json\/wp\/v2\/pages"}],"about":[{"href":"https:\/\/ibanez.adv.br\/index.php\/wp-json\/wp\/v2\/types\/page"}],"author":[{"embeddable":true,"href":"https:\/\/ibanez.adv.br\/index.php\/wp-json\/wp\/v2\/users\/2"}],"replies":[{"embeddable":true,"href":"https:\/\/ibanez.adv.br\/index.php\/wp-json\/wp\/v2\/comments?post=2603"}],"version-history":[{"count":20,"href":"https:\/\/ibanez.adv.br\/index.php\/wp-json\/wp\/v2\/pages\/2603\/revisions"}],"predecessor-version":[{"id":2713,"href":"https:\/\/ibanez.adv.br\/index.php\/wp-json\/wp\/v2\/pages\/2603\/revisions\/2713"}],"wp:featuredmedia":[{"embeddable":true,"href":"https:\/\/ibanez.adv.br\/index.php\/wp-json\/wp\/v2\/media\/2605"}],"wp:attachment":[{"href":"https:\/\/ibanez.adv.br\/index.php\/wp-json\/wp\/v2\/media?parent=2603"}],"curies":[{"name":"wp","href":"https:\/\/api.w.org\/{rel}","templated":true}]}}