{"id":2338,"date":"2026-03-16T02:39:16","date_gmt":"2026-03-16T02:39:16","guid":{"rendered":"https:\/\/ibanez.adv.br\/?page_id=2338"},"modified":"2026-03-18T15:33:17","modified_gmt":"2026-03-18T15:33:17","slug":"juliana-do-val-mendes-m-rocha","status":"publish","type":"page","link":"https:\/\/ibanez.adv.br\/index.php\/juliana-do-val-mendes-m-rocha\/","title":{"rendered":"Juliana Do Val Mendes M. Rocha"},"content":{"rendered":"\t\t<div data-elementor-type=\"wp-page\" data-elementor-id=\"2338\" class=\"elementor elementor-2338\">\n\t\t\t\t<div class=\"elementor-element elementor-element-41cee85 e-con-full e-flex wpr-particle-no wpr-jarallax-no wpr-parallax-no wpr-sticky-section-no wpr-equal-height-no e-con e-parent\" data-id=\"41cee85\" data-element_type=\"container\" data-e-type=\"container\" data-settings=\"{&quot;background_background&quot;:&quot;classic&quot;}\">\n\t\t\t\t<div class=\"elementor-element elementor-element-109d7ed elementor-widget elementor-widget-heading\" data-id=\"109d7ed\" data-element_type=\"widget\" data-e-type=\"widget\" data-widget_type=\"heading.default\">\n\t\t\t\t\t<h2 class=\"elementor-heading-title elementor-size-default\">Equipe<\/h2>\t\t\t\t<\/div>\n\t\t\t\t<\/div>\n\t\t<div class=\"elementor-element elementor-element-ff2557d e-flex e-con-boxed wpr-particle-no wpr-jarallax-no wpr-parallax-no wpr-sticky-section-no wpr-equal-height-no e-con e-child\" data-id=\"ff2557d\" data-element_type=\"container\" data-e-type=\"container\">\n\t\t\t\t\t<div class=\"e-con-inner\">\n\t\t<div class=\"elementor-element elementor-element-34ba756 e-con-full e-flex wpr-particle-no wpr-jarallax-no wpr-parallax-no wpr-sticky-section-no wpr-equal-height-no e-con e-child\" data-id=\"34ba756\" data-element_type=\"container\" data-e-type=\"container\">\n\t\t<div class=\"elementor-element elementor-element-b1d841e e-con-full e-flex wpr-particle-no wpr-jarallax-no wpr-parallax-no wpr-sticky-section-no wpr-equal-height-no e-con e-child\" data-id=\"b1d841e\" data-element_type=\"container\" data-e-type=\"container\">\n\t\t\t\t<div class=\"elementor-element elementor-element-d42659c animated-fast elementor-widget__width-inherit elementor-invisible elementor-widget elementor-widget-image\" data-id=\"d42659c\" data-element_type=\"widget\" data-e-type=\"widget\" data-settings=\"{&quot;_animation&quot;:&quot;proven-fadeInUp&quot;}\" data-widget_type=\"image.default\">\n\t\t\t\t\t\t\t\t\t\t\t\t\t\t\t<img fetchpriority=\"high\" decoding=\"async\" width=\"300\" height=\"300\" src=\"https:\/\/ibanez.adv.br\/wp-content\/uploads\/2026\/03\/Juliana-300x300.webp\" class=\"attachment-medium size-medium wp-image-2270\" alt=\"\" srcset=\"https:\/\/ibanez.adv.br\/wp-content\/uploads\/2026\/03\/Juliana-300x300.webp 300w, https:\/\/ibanez.adv.br\/wp-content\/uploads\/2026\/03\/Juliana-150x150.webp 150w, https:\/\/ibanez.adv.br\/wp-content\/uploads\/2026\/03\/Juliana-365x365.webp 365w, https:\/\/ibanez.adv.br\/wp-content\/uploads\/2026\/03\/Juliana.webp 500w\" sizes=\"(max-width: 300px) 100vw, 300px\" \/>\t\t\t\t\t\t\t\t\t\t\t\t\t\t\t<\/div>\n\t\t\t\t<\/div>\n\t\t\t\t<div class=\"elementor-element elementor-element-854bd3d elementor-shape-rounded elementor-grid-0 e-grid-align-center elementor-widget elementor-widget-social-icons\" data-id=\"854bd3d\" data-element_type=\"widget\" data-e-type=\"widget\" data-widget_type=\"social-icons.default\">\n\t\t\t\t\t\t\t<div class=\"elementor-social-icons-wrapper elementor-grid\" role=\"list\">\n\t\t\t\t\t\t\t<span class=\"elementor-grid-item\" role=\"listitem\">\n\t\t\t\t\t<a class=\"elementor-icon elementor-social-icon elementor-social-icon-linkedin elementor-repeater-item-ecb573f\" href=\"https:\/\/www.linkedin.com\/in\/juliana-martins-a8028b386\/\" target=\"_blank\">\n\t\t\t\t\t\t<span class=\"elementor-screen-only\">Linkedin<\/span>\n\t\t\t\t\t\t<i aria-hidden=\"true\" class=\"fab fa-linkedin\"><\/i>\t\t\t\t\t<\/a>\n\t\t\t\t<\/span>\n\t\t\t\t\t\t\t<span class=\"elementor-grid-item\" role=\"listitem\">\n\t\t\t\t\t<a class=\"elementor-icon elementor-social-icon elementor-social-icon-envelope elementor-repeater-item-f82d752\" href=\"mailto:juliana.val@ibanez.adv.br\" target=\"_blank\">\n\t\t\t\t\t\t<span class=\"elementor-screen-only\">Envelope<\/span>\n\t\t\t\t\t\t<i aria-hidden=\"true\" class=\"fas fa-envelope\"><\/i>\t\t\t\t\t<\/a>\n\t\t\t\t<\/span>\n\t\t\t\t\t<\/div>\n\t\t\t\t\t\t<\/div>\n\t\t\t\t<\/div>\n\t\t<div class=\"elementor-element elementor-element-2af47d4 e-con-full e-flex wpr-particle-no wpr-jarallax-no wpr-parallax-no wpr-sticky-section-no wpr-equal-height-no e-con e-child\" data-id=\"2af47d4\" data-element_type=\"container\" data-e-type=\"container\">\n\t\t\t\t<div class=\"elementor-element elementor-element-cfbd112 elementor-widget elementor-widget-heading\" data-id=\"cfbd112\" data-element_type=\"widget\" data-e-type=\"widget\" data-widget_type=\"heading.default\">\n\t\t\t\t\t<h2 class=\"elementor-heading-title elementor-size-default\">Juliana Do Val Mendes M. Rocha<\/h2>\t\t\t\t<\/div>\n\t\t\t\t<div class=\"elementor-element elementor-element-2e3b9b8 elementor-widget elementor-widget-heading\" data-id=\"2e3b9b8\" data-element_type=\"widget\" data-e-type=\"widget\" data-widget_type=\"heading.default\">\n\t\t\t\t\t<h2 class=\"elementor-heading-title elementor-size-default\">Advogada<\/h2>\t\t\t\t<\/div>\n\t\t\t\t<div class=\"elementor-element elementor-element-0e7606f elementor-widget elementor-widget-text-editor\" data-id=\"0e7606f\" data-element_type=\"widget\" data-e-type=\"widget\" data-widget_type=\"text-editor.default\">\n\t\t\t\t\t\t\t\t\t<p>Com mais de 20 anos de experi\u00eancia, \u00e9 advogada especialista em Direito Constitucional Tribut\u00e1rio e Direito Aplicado. Sua expertise \u00e9 focada no Contencioso Tribut\u00e1rio e na Consultoria Fiscal, atuando em todas as esferas: Federal, Estadual e Municipal. Possui conhecimento e experi\u00eancia em Contencioso Tribut\u00e1rio de alta complexidade, incluindo, as implica\u00e7\u00f5es fiscais da tributa\u00e7\u00e3o federal, estadual e municipal sobre o patrim\u00f4nio.<\/p>\t\t\t\t\t\t\t\t<\/div>\n\t\t\t\t<\/div>\n\t\t\t\t\t<\/div>\n\t\t\t\t<\/div>\n\t\t<div class=\"elementor-element elementor-element-086a7d7 e-flex e-con-boxed wpr-particle-no wpr-jarallax-no wpr-parallax-no wpr-sticky-section-no wpr-equal-height-no e-con e-parent\" data-id=\"086a7d7\" data-element_type=\"container\" data-e-type=\"container\">\n\t\t\t\t\t<div class=\"e-con-inner\">\n\t\t\t\t<div class=\"elementor-element elementor-element-988a4c5 elementor-widget elementor-widget-image\" data-id=\"988a4c5\" data-element_type=\"widget\" data-e-type=\"widget\" data-widget_type=\"image.default\">\n\t\t\t\t\t\t\t\t\t\t\t\t\t\t\t<img decoding=\"async\" width=\"1024\" height=\"11\" src=\"https:\/\/ibanez.adv.br\/wp-content\/uploads\/2026\/03\/Divider-1024x11.webp\" class=\"attachment-large size-large wp-image-1153\" alt=\"\" srcset=\"https:\/\/ibanez.adv.br\/wp-content\/uploads\/2026\/03\/Divider-1024x11.webp 1024w, https:\/\/ibanez.adv.br\/wp-content\/uploads\/2026\/03\/Divider-600x7.webp 600w, https:\/\/ibanez.adv.br\/wp-content\/uploads\/2026\/03\/Divider-300x3.webp 300w, https:\/\/ibanez.adv.br\/wp-content\/uploads\/2026\/03\/Divider-768x8.webp 768w, https:\/\/ibanez.adv.br\/wp-content\/uploads\/2026\/03\/Divider.webp 1200w\" sizes=\"(max-width: 1024px) 100vw, 1024px\" \/>\t\t\t\t\t\t\t\t\t\t\t\t\t\t\t<\/div>\n\t\t\t\t\t<\/div>\n\t\t\t\t<\/div>\n\t\t<div class=\"elementor-element elementor-element-911c848 e-flex e-con-boxed wpr-particle-no wpr-jarallax-no wpr-parallax-no wpr-sticky-section-no wpr-equal-height-no e-con e-parent\" data-id=\"911c848\" data-element_type=\"container\" data-e-type=\"container\">\n\t\t\t\t\t<div class=\"e-con-inner\">\n\t\t<div class=\"elementor-element elementor-element-70d92ba e-grid e-con-full wpr-particle-no wpr-jarallax-no wpr-parallax-no wpr-sticky-section-no wpr-equal-height-no e-con e-child\" data-id=\"70d92ba\" data-element_type=\"container\" data-e-type=\"container\">\n\t\t\t\t<div class=\"elementor-element elementor-element-62d67ef elementor-position-top elementor-invisible elementor-widget elementor-widget-image-box\" data-id=\"62d67ef\" data-element_type=\"widget\" data-e-type=\"widget\" data-settings=\"{&quot;_animation&quot;:&quot;fadeInUp&quot;}\" data-widget_type=\"image-box.default\">\n\t\t\t\t\t<div class=\"elementor-image-box-wrapper\"><figure class=\"elementor-image-box-img\"><a href=\"https:\/\/ibanez.adv.br\/index.php\/jorge-ibanez\/\" tabindex=\"-1\"><img decoding=\"async\" width=\"500\" height=\"500\" src=\"https:\/\/ibanez.adv.br\/wp-content\/uploads\/2026\/03\/Jorge.webp\" class=\"elementor-animation-grow attachment-full size-full wp-image-2269\" alt=\"\" srcset=\"https:\/\/ibanez.adv.br\/wp-content\/uploads\/2026\/03\/Jorge.webp 500w, https:\/\/ibanez.adv.br\/wp-content\/uploads\/2026\/03\/Jorge-300x300.webp 300w, https:\/\/ibanez.adv.br\/wp-content\/uploads\/2026\/03\/Jorge-150x150.webp 150w, https:\/\/ibanez.adv.br\/wp-content\/uploads\/2026\/03\/Jorge-365x365.webp 365w\" sizes=\"(max-width: 500px) 100vw, 500px\" \/><\/a><\/figure><div class=\"elementor-image-box-content\"><h3 class=\"elementor-image-box-title\"><a href=\"https:\/\/ibanez.adv.br\/index.php\/jorge-ibanez\/\">Jorge Iba\u00f1ez<br \/>de Mendon\u00e7a Neto<\/a><\/h3><p class=\"elementor-image-box-description\">S\u00f3cio Fundador<\/p><\/div><\/div>\t\t\t\t<\/div>\n\t\t\t\t<div class=\"elementor-element elementor-element-1024843 elementor-position-top elementor-invisible elementor-widget elementor-widget-image-box\" data-id=\"1024843\" data-element_type=\"widget\" data-e-type=\"widget\" data-settings=\"{&quot;_animation&quot;:&quot;fadeInUp&quot;}\" data-widget_type=\"image-box.default\">\n\t\t\t\t\t<div class=\"elementor-image-box-wrapper\"><figure class=\"elementor-image-box-img\"><a href=\"https:\/\/ibanez.adv.br\/index.php\/alessandro-edoardo-minutti\/\" tabindex=\"-1\"><img loading=\"lazy\" decoding=\"async\" width=\"500\" height=\"500\" src=\"https:\/\/ibanez.adv.br\/wp-content\/uploads\/2026\/03\/Alessandro.webp\" class=\"elementor-animation-grow attachment-full size-full wp-image-2267\" alt=\"\" srcset=\"https:\/\/ibanez.adv.br\/wp-content\/uploads\/2026\/03\/Alessandro.webp 500w, https:\/\/ibanez.adv.br\/wp-content\/uploads\/2026\/03\/Alessandro-300x300.webp 300w, https:\/\/ibanez.adv.br\/wp-content\/uploads\/2026\/03\/Alessandro-150x150.webp 150w, https:\/\/ibanez.adv.br\/wp-content\/uploads\/2026\/03\/Alessandro-365x365.webp 365w\" sizes=\"(max-width: 500px) 100vw, 500px\" \/><\/a><\/figure><div class=\"elementor-image-box-content\"><h3 class=\"elementor-image-box-title\"><a href=\"https:\/\/ibanez.adv.br\/index.php\/alessandro-edoardo-minutti\/\">Alessandro Edoardo Minutti<\/a><\/h3><p class=\"elementor-image-box-description\">Advogado<\/p><\/div><\/div>\t\t\t\t<\/div>\n\t\t\t\t<div class=\"elementor-element elementor-element-6c7f888 elementor-position-top elementor-invisible elementor-widget elementor-widget-image-box\" data-id=\"6c7f888\" data-element_type=\"widget\" data-e-type=\"widget\" data-settings=\"{&quot;_animation&quot;:&quot;fadeInUp&quot;}\" data-widget_type=\"image-box.default\">\n\t\t\t\t\t<div class=\"elementor-image-box-wrapper\"><figure class=\"elementor-image-box-img\"><a href=\"https:\/\/ibanez.adv.br\/index.php\/carlos-eduardo-ziliatto\/\" tabindex=\"-1\"><img loading=\"lazy\" decoding=\"async\" width=\"500\" height=\"500\" src=\"https:\/\/ibanez.adv.br\/wp-content\/uploads\/2026\/03\/Carlos.webp\" class=\"elementor-animation-grow attachment-full size-full wp-image-2268\" alt=\"\" srcset=\"https:\/\/ibanez.adv.br\/wp-content\/uploads\/2026\/03\/Carlos.webp 500w, https:\/\/ibanez.adv.br\/wp-content\/uploads\/2026\/03\/Carlos-300x300.webp 300w, https:\/\/ibanez.adv.br\/wp-content\/uploads\/2026\/03\/Carlos-150x150.webp 150w, https:\/\/ibanez.adv.br\/wp-content\/uploads\/2026\/03\/Carlos-365x365.webp 365w\" sizes=\"(max-width: 500px) 100vw, 500px\" \/><\/a><\/figure><div class=\"elementor-image-box-content\"><h3 class=\"elementor-image-box-title\"><a href=\"https:\/\/ibanez.adv.br\/index.php\/carlos-eduardo-ziliatto\/\">Carlos Eduardo Ziliatto<\/a><\/h3><p class=\"elementor-image-box-description\">Advogado<\/p><\/div><\/div>\t\t\t\t<\/div>\n\t\t\t\t<div class=\"elementor-element elementor-element-9a34c69 elementor-position-top elementor-invisible elementor-widget elementor-widget-image-box\" data-id=\"9a34c69\" data-element_type=\"widget\" data-e-type=\"widget\" data-settings=\"{&quot;_animation&quot;:&quot;fadeInUp&quot;}\" data-widget_type=\"image-box.default\">\n\t\t\t\t\t<div class=\"elementor-image-box-wrapper\"><figure class=\"elementor-image-box-img\"><a href=\"https:\/\/ibanez.adv.br\/index.php\/monize-lima-serradilho\/\" tabindex=\"-1\"><img loading=\"lazy\" decoding=\"async\" width=\"500\" height=\"500\" src=\"https:\/\/ibanez.adv.br\/wp-content\/uploads\/2026\/03\/Monize.webp\" class=\"elementor-animation-grow attachment-full size-full wp-image-2271\" alt=\"\" srcset=\"https:\/\/ibanez.adv.br\/wp-content\/uploads\/2026\/03\/Monize.webp 500w, https:\/\/ibanez.adv.br\/wp-content\/uploads\/2026\/03\/Monize-300x300.webp 300w, https:\/\/ibanez.adv.br\/wp-content\/uploads\/2026\/03\/Monize-150x150.webp 150w, https:\/\/ibanez.adv.br\/wp-content\/uploads\/2026\/03\/Monize-365x365.webp 365w\" sizes=\"(max-width: 500px) 100vw, 500px\" \/><\/a><\/figure><div class=\"elementor-image-box-content\"><h3 class=\"elementor-image-box-title\"><a href=\"https:\/\/ibanez.adv.br\/index.php\/monize-lima-serradilho\/\">Monize Lima Serradilho<\/a><\/h3><p class=\"elementor-image-box-description\">Advogada<\/p><\/div><\/div>\t\t\t\t<\/div>\n\t\t\t\t<\/div>\n\t\t\t\t\t<\/div>\n\t\t\t\t<\/div>\n\t\t\t\t<\/div>\n\t\t","protected":false},"excerpt":{"rendered":"<p>Prote\u00e7\u00e3o, estrat\u00e9gia e seguran\u00e7a para o seu patrim\u00f4nio.<\/p>\n","protected":false},"author":2,"featured_media":1996,"parent":0,"menu_order":0,"comment_status":"closed","ping_status":"closed","template":"","meta":{"_acf_changed":false,"footnotes":""},"class_list":["post-2338","page","type-page","status-publish","has-post-thumbnail","hentry"],"acf":[],"yoast_head":"<!-- This site is optimized with the Yoast SEO plugin v27.1.1 - https:\/\/yoast.com\/product\/yoast-seo-wordpress\/ -->\n<title>Juliana Do Val Mendes M. Rocha - Iba\u00f1ez Advogados Associados<\/title>\n<meta name=\"robots\" content=\"index, follow, max-snippet:-1, max-image-preview:large, max-video-preview:-1\" \/>\n<link rel=\"canonical\" href=\"https:\/\/ibanez.adv.br\/index.php\/juliana-do-val-mendes-m-rocha\/\" \/>\n<meta property=\"og:locale\" content=\"en_US\" \/>\n<meta property=\"og:type\" content=\"article\" \/>\n<meta property=\"og:title\" content=\"Juliana Do Val Mendes M. Rocha - Iba\u00f1ez Advogados Associados\" \/>\n<meta property=\"og:description\" content=\"Prote\u00e7\u00e3o, estrat\u00e9gia e seguran\u00e7a para o seu patrim\u00f4nio.\" \/>\n<meta property=\"og:url\" content=\"https:\/\/ibanez.adv.br\/index.php\/juliana-do-val-mendes-m-rocha\/\" \/>\n<meta property=\"og:site_name\" content=\"Iba\u00f1ez Advogados Associados\" \/>\n<meta property=\"article:modified_time\" content=\"2026-03-18T15:33:17+00:00\" \/>\n<meta property=\"og:image\" content=\"https:\/\/ibanez.adv.br\/wp-content\/uploads\/2026\/03\/teste-Gestao.webp\" \/>\n\t<meta property=\"og:image:width\" content=\"640\" \/>\n\t<meta property=\"og:image:height\" content=\"560\" \/>\n\t<meta property=\"og:image:type\" content=\"image\/webp\" \/>\n<meta name=\"twitter:card\" content=\"summary_large_image\" \/>\n<meta name=\"twitter:label1\" content=\"Est. reading time\" \/>\n\t<meta name=\"twitter:data1\" content=\"2 minutes\" \/>\n<script type=\"application\/ld+json\" class=\"yoast-schema-graph\">{\"@context\":\"https:\/\/schema.org\",\"@graph\":[{\"@type\":\"WebPage\",\"@id\":\"https:\/\/ibanez.adv.br\/index.php\/juliana-do-val-mendes-m-rocha\/\",\"url\":\"https:\/\/ibanez.adv.br\/index.php\/juliana-do-val-mendes-m-rocha\/\",\"name\":\"Juliana Do Val Mendes M. Rocha - Iba\u00f1ez Advogados Associados\",\"isPartOf\":{\"@id\":\"https:\/\/ibanez.adv.br\/#website\"},\"primaryImageOfPage\":{\"@id\":\"https:\/\/ibanez.adv.br\/index.php\/juliana-do-val-mendes-m-rocha\/#primaryimage\"},\"image\":{\"@id\":\"https:\/\/ibanez.adv.br\/index.php\/juliana-do-val-mendes-m-rocha\/#primaryimage\"},\"thumbnailUrl\":\"https:\/\/ibanez.adv.br\/wp-content\/uploads\/2026\/03\/teste-Gestao.webp\",\"datePublished\":\"2026-03-16T02:39:16+00:00\",\"dateModified\":\"2026-03-18T15:33:17+00:00\",\"breadcrumb\":{\"@id\":\"https:\/\/ibanez.adv.br\/index.php\/juliana-do-val-mendes-m-rocha\/#breadcrumb\"},\"inLanguage\":\"en-US\",\"potentialAction\":[{\"@type\":\"ReadAction\",\"target\":[\"https:\/\/ibanez.adv.br\/index.php\/juliana-do-val-mendes-m-rocha\/\"]}]},{\"@type\":\"ImageObject\",\"inLanguage\":\"en-US\",\"@id\":\"https:\/\/ibanez.adv.br\/index.php\/juliana-do-val-mendes-m-rocha\/#primaryimage\",\"url\":\"https:\/\/ibanez.adv.br\/wp-content\/uploads\/2026\/03\/teste-Gestao.webp\",\"contentUrl\":\"https:\/\/ibanez.adv.br\/wp-content\/uploads\/2026\/03\/teste-Gestao.webp\",\"width\":640,\"height\":560},{\"@type\":\"BreadcrumbList\",\"@id\":\"https:\/\/ibanez.adv.br\/index.php\/juliana-do-val-mendes-m-rocha\/#breadcrumb\",\"itemListElement\":[{\"@type\":\"ListItem\",\"position\":1,\"name\":\"Home\",\"item\":\"https:\/\/ibanez.adv.br\/\"},{\"@type\":\"ListItem\",\"position\":2,\"name\":\"Juliana Do Val Mendes M. Rocha\"}]},{\"@type\":\"WebSite\",\"@id\":\"https:\/\/ibanez.adv.br\/#website\",\"url\":\"https:\/\/ibanez.adv.br\/\",\"name\":\"Iba\u00f1ez Advogados Associados\",\"description\":\"\",\"publisher\":{\"@id\":\"https:\/\/ibanez.adv.br\/#organization\"},\"potentialAction\":[{\"@type\":\"SearchAction\",\"target\":{\"@type\":\"EntryPoint\",\"urlTemplate\":\"https:\/\/ibanez.adv.br\/?s={search_term_string}\"},\"query-input\":{\"@type\":\"PropertyValueSpecification\",\"valueRequired\":true,\"valueName\":\"search_term_string\"}}],\"inLanguage\":\"en-US\"},{\"@type\":\"Organization\",\"@id\":\"https:\/\/ibanez.adv.br\/#organization\",\"name\":\"Iba\u00f1ez Advogados Associados\",\"url\":\"https:\/\/ibanez.adv.br\/\",\"logo\":{\"@type\":\"ImageObject\",\"inLanguage\":\"en-US\",\"@id\":\"https:\/\/ibanez.adv.br\/#\/schema\/logo\/image\/\",\"url\":\"\",\"contentUrl\":\"\",\"caption\":\"Iba\u00f1ez Advogados Associados\"},\"image\":{\"@id\":\"https:\/\/ibanez.adv.br\/#\/schema\/logo\/image\/\"}}]}<\/script>\n<!-- \/ Yoast SEO plugin. -->","yoast_head_json":{"title":"Juliana Do Val Mendes M. Rocha - Iba\u00f1ez Advogados Associados","robots":{"index":"index","follow":"follow","max-snippet":"max-snippet:-1","max-image-preview":"max-image-preview:large","max-video-preview":"max-video-preview:-1"},"canonical":"https:\/\/ibanez.adv.br\/index.php\/juliana-do-val-mendes-m-rocha\/","og_locale":"en_US","og_type":"article","og_title":"Juliana Do Val Mendes M. Rocha - Iba\u00f1ez Advogados Associados","og_description":"Prote\u00e7\u00e3o, estrat\u00e9gia e seguran\u00e7a para o seu patrim\u00f4nio.","og_url":"https:\/\/ibanez.adv.br\/index.php\/juliana-do-val-mendes-m-rocha\/","og_site_name":"Iba\u00f1ez Advogados Associados","article_modified_time":"2026-03-18T15:33:17+00:00","og_image":[{"width":640,"height":560,"url":"https:\/\/ibanez.adv.br\/wp-content\/uploads\/2026\/03\/teste-Gestao.webp","type":"image\/webp"}],"twitter_card":"summary_large_image","twitter_misc":{"Est. reading time":"2 minutes"},"schema":{"@context":"https:\/\/schema.org","@graph":[{"@type":"WebPage","@id":"https:\/\/ibanez.adv.br\/index.php\/juliana-do-val-mendes-m-rocha\/","url":"https:\/\/ibanez.adv.br\/index.php\/juliana-do-val-mendes-m-rocha\/","name":"Juliana Do Val Mendes M. Rocha - Iba\u00f1ez Advogados Associados","isPartOf":{"@id":"https:\/\/ibanez.adv.br\/#website"},"primaryImageOfPage":{"@id":"https:\/\/ibanez.adv.br\/index.php\/juliana-do-val-mendes-m-rocha\/#primaryimage"},"image":{"@id":"https:\/\/ibanez.adv.br\/index.php\/juliana-do-val-mendes-m-rocha\/#primaryimage"},"thumbnailUrl":"https:\/\/ibanez.adv.br\/wp-content\/uploads\/2026\/03\/teste-Gestao.webp","datePublished":"2026-03-16T02:39:16+00:00","dateModified":"2026-03-18T15:33:17+00:00","breadcrumb":{"@id":"https:\/\/ibanez.adv.br\/index.php\/juliana-do-val-mendes-m-rocha\/#breadcrumb"},"inLanguage":"en-US","potentialAction":[{"@type":"ReadAction","target":["https:\/\/ibanez.adv.br\/index.php\/juliana-do-val-mendes-m-rocha\/"]}]},{"@type":"ImageObject","inLanguage":"en-US","@id":"https:\/\/ibanez.adv.br\/index.php\/juliana-do-val-mendes-m-rocha\/#primaryimage","url":"https:\/\/ibanez.adv.br\/wp-content\/uploads\/2026\/03\/teste-Gestao.webp","contentUrl":"https:\/\/ibanez.adv.br\/wp-content\/uploads\/2026\/03\/teste-Gestao.webp","width":640,"height":560},{"@type":"BreadcrumbList","@id":"https:\/\/ibanez.adv.br\/index.php\/juliana-do-val-mendes-m-rocha\/#breadcrumb","itemListElement":[{"@type":"ListItem","position":1,"name":"Home","item":"https:\/\/ibanez.adv.br\/"},{"@type":"ListItem","position":2,"name":"Juliana Do Val Mendes M. Rocha"}]},{"@type":"WebSite","@id":"https:\/\/ibanez.adv.br\/#website","url":"https:\/\/ibanez.adv.br\/","name":"Iba\u00f1ez Advogados Associados","description":"","publisher":{"@id":"https:\/\/ibanez.adv.br\/#organization"},"potentialAction":[{"@type":"SearchAction","target":{"@type":"EntryPoint","urlTemplate":"https:\/\/ibanez.adv.br\/?s={search_term_string}"},"query-input":{"@type":"PropertyValueSpecification","valueRequired":true,"valueName":"search_term_string"}}],"inLanguage":"en-US"},{"@type":"Organization","@id":"https:\/\/ibanez.adv.br\/#organization","name":"Iba\u00f1ez Advogados Associados","url":"https:\/\/ibanez.adv.br\/","logo":{"@type":"ImageObject","inLanguage":"en-US","@id":"https:\/\/ibanez.adv.br\/#\/schema\/logo\/image\/","url":"","contentUrl":"","caption":"Iba\u00f1ez Advogados Associados"},"image":{"@id":"https:\/\/ibanez.adv.br\/#\/schema\/logo\/image\/"}}]}},"_links":{"self":[{"href":"https:\/\/ibanez.adv.br\/index.php\/wp-json\/wp\/v2\/pages\/2338","targetHints":{"allow":["GET"]}}],"collection":[{"href":"https:\/\/ibanez.adv.br\/index.php\/wp-json\/wp\/v2\/pages"}],"about":[{"href":"https:\/\/ibanez.adv.br\/index.php\/wp-json\/wp\/v2\/types\/page"}],"author":[{"embeddable":true,"href":"https:\/\/ibanez.adv.br\/index.php\/wp-json\/wp\/v2\/users\/2"}],"replies":[{"embeddable":true,"href":"https:\/\/ibanez.adv.br\/index.php\/wp-json\/wp\/v2\/comments?post=2338"}],"version-history":[{"count":13,"href":"https:\/\/ibanez.adv.br\/index.php\/wp-json\/wp\/v2\/pages\/2338\/revisions"}],"predecessor-version":[{"id":2486,"href":"https:\/\/ibanez.adv.br\/index.php\/wp-json\/wp\/v2\/pages\/2338\/revisions\/2486"}],"wp:featuredmedia":[{"embeddable":true,"href":"https:\/\/ibanez.adv.br\/index.php\/wp-json\/wp\/v2\/media\/1996"}],"wp:attachment":[{"href":"https:\/\/ibanez.adv.br\/index.php\/wp-json\/wp\/v2\/media?parent=2338"}],"curies":[{"name":"wp","href":"https:\/\/api.w.org\/{rel}","templated":true}]}}