{"id":2259,"date":"2026-03-15T22:22:37","date_gmt":"2026-03-15T22:22:37","guid":{"rendered":"https:\/\/ibanez.adv.br\/?page_id=2259"},"modified":"2026-03-18T15:32:08","modified_gmt":"2026-03-18T15:32:08","slug":"jorge-ibanez","status":"publish","type":"page","link":"https:\/\/ibanez.adv.br\/index.php\/jorge-ibanez\/","title":{"rendered":"Jorge Iba\u00f1ez"},"content":{"rendered":"\t\t<div data-elementor-type=\"wp-page\" data-elementor-id=\"2259\" class=\"elementor elementor-2259\">\n\t\t\t\t<div class=\"elementor-element elementor-element-41cee85 e-con-full e-flex wpr-particle-no wpr-jarallax-no wpr-parallax-no wpr-sticky-section-no wpr-equal-height-no e-con e-parent\" data-id=\"41cee85\" data-element_type=\"container\" data-e-type=\"container\" data-settings=\"{&quot;background_background&quot;:&quot;classic&quot;}\">\n\t\t\t\t<div class=\"elementor-element elementor-element-109d7ed elementor-widget elementor-widget-heading\" data-id=\"109d7ed\" data-element_type=\"widget\" data-e-type=\"widget\" data-widget_type=\"heading.default\">\n\t\t\t\t\t<h2 class=\"elementor-heading-title elementor-size-default\">Equipe<\/h2>\t\t\t\t<\/div>\n\t\t\t\t<\/div>\n\t\t<div class=\"elementor-element elementor-element-ff2557d e-flex e-con-boxed wpr-particle-no wpr-jarallax-no wpr-parallax-no wpr-sticky-section-no wpr-equal-height-no e-con e-child\" data-id=\"ff2557d\" data-element_type=\"container\" data-e-type=\"container\">\n\t\t\t\t\t<div class=\"e-con-inner\">\n\t\t<div class=\"elementor-element elementor-element-34ba756 e-con-full e-flex wpr-particle-no wpr-jarallax-no wpr-parallax-no wpr-sticky-section-no wpr-equal-height-no e-con e-child\" data-id=\"34ba756\" data-element_type=\"container\" data-e-type=\"container\">\n\t\t<div class=\"elementor-element elementor-element-b1d841e e-con-full e-flex wpr-particle-no wpr-jarallax-no wpr-parallax-no wpr-sticky-section-no wpr-equal-height-no e-con e-child\" data-id=\"b1d841e\" data-element_type=\"container\" data-e-type=\"container\">\n\t\t\t\t<div class=\"elementor-element elementor-element-d42659c animated-fast elementor-widget__width-inherit elementor-invisible elementor-widget elementor-widget-image\" data-id=\"d42659c\" data-element_type=\"widget\" data-e-type=\"widget\" data-settings=\"{&quot;_animation&quot;:&quot;proven-fadeInUp&quot;}\" data-widget_type=\"image.default\">\n\t\t\t\t\t\t\t\t\t\t\t\t\t\t\t<img fetchpriority=\"high\" decoding=\"async\" width=\"300\" height=\"300\" src=\"https:\/\/ibanez.adv.br\/wp-content\/uploads\/2026\/03\/Jorge-300x300.webp\" class=\"attachment-medium size-medium wp-image-2269\" alt=\"\" srcset=\"https:\/\/ibanez.adv.br\/wp-content\/uploads\/2026\/03\/Jorge-300x300.webp 300w, https:\/\/ibanez.adv.br\/wp-content\/uploads\/2026\/03\/Jorge-150x150.webp 150w, https:\/\/ibanez.adv.br\/wp-content\/uploads\/2026\/03\/Jorge-365x365.webp 365w, https:\/\/ibanez.adv.br\/wp-content\/uploads\/2026\/03\/Jorge.webp 500w\" sizes=\"(max-width: 300px) 100vw, 300px\" \/>\t\t\t\t\t\t\t\t\t\t\t\t\t\t\t<\/div>\n\t\t\t\t<\/div>\n\t\t\t\t<div class=\"elementor-element elementor-element-854bd3d elementor-shape-rounded elementor-grid-0 e-grid-align-center elementor-widget elementor-widget-social-icons\" data-id=\"854bd3d\" data-element_type=\"widget\" data-e-type=\"widget\" data-widget_type=\"social-icons.default\">\n\t\t\t\t\t\t\t<div class=\"elementor-social-icons-wrapper elementor-grid\" role=\"list\">\n\t\t\t\t\t\t\t<span class=\"elementor-grid-item\" role=\"listitem\">\n\t\t\t\t\t<a class=\"elementor-icon elementor-social-icon elementor-social-icon-linkedin elementor-repeater-item-ecb573f\" href=\"http:\/\/linkedin.com\/in\/jorge-ibanez-371328182\" target=\"_blank\">\n\t\t\t\t\t\t<span class=\"elementor-screen-only\">Linkedin<\/span>\n\t\t\t\t\t\t<i aria-hidden=\"true\" class=\"fab fa-linkedin\"><\/i>\t\t\t\t\t<\/a>\n\t\t\t\t<\/span>\n\t\t\t\t\t\t\t<span class=\"elementor-grid-item\" role=\"listitem\">\n\t\t\t\t\t<a class=\"elementor-icon elementor-social-icon elementor-social-icon-envelope elementor-repeater-item-f82d752\" href=\"mailto:jorge.ibanez@ibanez.adv.br\" target=\"_blank\">\n\t\t\t\t\t\t<span class=\"elementor-screen-only\">Envelope<\/span>\n\t\t\t\t\t\t<i aria-hidden=\"true\" class=\"fas fa-envelope\"><\/i>\t\t\t\t\t<\/a>\n\t\t\t\t<\/span>\n\t\t\t\t\t<\/div>\n\t\t\t\t\t\t<\/div>\n\t\t\t\t<\/div>\n\t\t<div class=\"elementor-element elementor-element-2af47d4 e-con-full e-flex wpr-particle-no wpr-jarallax-no wpr-parallax-no wpr-sticky-section-no wpr-equal-height-no e-con e-child\" data-id=\"2af47d4\" data-element_type=\"container\" data-e-type=\"container\">\n\t\t\t\t<div class=\"elementor-element elementor-element-cfbd112 elementor-widget elementor-widget-heading\" data-id=\"cfbd112\" data-element_type=\"widget\" data-e-type=\"widget\" data-widget_type=\"heading.default\">\n\t\t\t\t\t<h2 class=\"elementor-heading-title elementor-size-default\">Jorge Iba\u00f1ez de Mendon\u00e7a Neto<\/h2>\t\t\t\t<\/div>\n\t\t\t\t<div class=\"elementor-element elementor-element-2e3b9b8 elementor-widget elementor-widget-heading\" data-id=\"2e3b9b8\" data-element_type=\"widget\" data-e-type=\"widget\" data-widget_type=\"heading.default\">\n\t\t\t\t\t<h2 class=\"elementor-heading-title elementor-size-default\">S\u00f3cio Fundador<\/h2>\t\t\t\t<\/div>\n\t\t\t\t<div class=\"elementor-element elementor-element-0e7606f elementor-widget elementor-widget-text-editor\" data-id=\"0e7606f\" data-element_type=\"widget\" data-e-type=\"widget\" data-widget_type=\"text-editor.default\">\n\t\t\t\t\t\t\t\t\t<p>Com mais de 25 anos de forma\u00e7\u00e3o dedicados \u00e0 pr\u00e1tica jur\u00eddica, \u00e9 o S\u00f3cio Fundador e o pilar central da solidez e longevidade do Iba\u00f1ez Advogados. Sua trajet\u00f3ria \u00e9 marcada pela estrutura firme do escrit\u00f3rio que mant\u00e9m uma base fiel de clientes ao longo de d\u00e9cadas. Essa longevidade \u00e9 fruto de um relacionamento pessoal e dedicado, que preserva o hist\u00f3rico e as necessidades individuais de cada cliente, garantindo solu\u00e7\u00f5es personalizadas. \u00c9 reconhecido por seu conhecimento estrat\u00e9gico para atuar em diversas \u00e1reas do Direito. \u00c9 um agente essencial em negocia\u00e7\u00e3o de alta capacidade; solu\u00e7\u00e3o de conflitos e; vis\u00e3o de longo prazo. Aplicando o Direito com \u00e9tica e intelig\u00eancia jur\u00eddica, mant\u00e9m-se em constante atualiza\u00e7\u00e3o e busca por inova\u00e7\u00f5es, prezando pela seguran\u00e7a dos neg\u00f3cios e pelos bons resultados de seus clientes, perpetuando a solidez que o escrit\u00f3rio oferece.<\/p>\t\t\t\t\t\t\t\t<\/div>\n\t\t\t\t<\/div>\n\t\t\t\t\t<\/div>\n\t\t\t\t<\/div>\n\t\t<div class=\"elementor-element elementor-element-086a7d7 e-flex e-con-boxed wpr-particle-no wpr-jarallax-no wpr-parallax-no wpr-sticky-section-no wpr-equal-height-no e-con e-parent\" data-id=\"086a7d7\" data-element_type=\"container\" data-e-type=\"container\">\n\t\t\t\t\t<div class=\"e-con-inner\">\n\t\t\t\t<div class=\"elementor-element elementor-element-988a4c5 elementor-widget elementor-widget-image\" data-id=\"988a4c5\" data-element_type=\"widget\" data-e-type=\"widget\" data-widget_type=\"image.default\">\n\t\t\t\t\t\t\t\t\t\t\t\t\t\t\t<img decoding=\"async\" width=\"1024\" height=\"11\" src=\"https:\/\/ibanez.adv.br\/wp-content\/uploads\/2026\/03\/Divider-1024x11.webp\" class=\"attachment-large size-large wp-image-1153\" alt=\"\" srcset=\"https:\/\/ibanez.adv.br\/wp-content\/uploads\/2026\/03\/Divider-1024x11.webp 1024w, https:\/\/ibanez.adv.br\/wp-content\/uploads\/2026\/03\/Divider-600x7.webp 600w, https:\/\/ibanez.adv.br\/wp-content\/uploads\/2026\/03\/Divider-300x3.webp 300w, https:\/\/ibanez.adv.br\/wp-content\/uploads\/2026\/03\/Divider-768x8.webp 768w, https:\/\/ibanez.adv.br\/wp-content\/uploads\/2026\/03\/Divider.webp 1200w\" sizes=\"(max-width: 1024px) 100vw, 1024px\" \/>\t\t\t\t\t\t\t\t\t\t\t\t\t\t\t<\/div>\n\t\t\t\t\t<\/div>\n\t\t\t\t<\/div>\n\t\t<div class=\"elementor-element elementor-element-066529c e-flex e-con-boxed wpr-particle-no wpr-jarallax-no wpr-parallax-no wpr-sticky-section-no wpr-equal-height-no e-con e-parent\" data-id=\"066529c\" data-element_type=\"container\" data-e-type=\"container\">\n\t\t\t\t\t<div class=\"e-con-inner\">\n\t\t<div class=\"elementor-element elementor-element-fa834ea e-grid e-con-full wpr-particle-no wpr-jarallax-no wpr-parallax-no wpr-sticky-section-no wpr-equal-height-no e-con e-child\" data-id=\"fa834ea\" data-element_type=\"container\" data-e-type=\"container\">\n\t\t\t\t<div class=\"elementor-element elementor-element-80d8000 elementor-position-top elementor-invisible elementor-widget elementor-widget-image-box\" data-id=\"80d8000\" data-element_type=\"widget\" data-e-type=\"widget\" data-settings=\"{&quot;_animation&quot;:&quot;fadeInUp&quot;}\" data-widget_type=\"image-box.default\">\n\t\t\t\t\t<div class=\"elementor-image-box-wrapper\"><figure class=\"elementor-image-box-img\"><a href=\"https:\/\/ibanez.adv.br\/index.php\/alessandro-edoardo-minutti\/\" tabindex=\"-1\"><img decoding=\"async\" width=\"500\" height=\"500\" src=\"https:\/\/ibanez.adv.br\/wp-content\/uploads\/2026\/03\/Alessandro.webp\" class=\"elementor-animation-grow attachment-full size-full wp-image-2267\" alt=\"\" srcset=\"https:\/\/ibanez.adv.br\/wp-content\/uploads\/2026\/03\/Alessandro.webp 500w, https:\/\/ibanez.adv.br\/wp-content\/uploads\/2026\/03\/Alessandro-300x300.webp 300w, https:\/\/ibanez.adv.br\/wp-content\/uploads\/2026\/03\/Alessandro-150x150.webp 150w, https:\/\/ibanez.adv.br\/wp-content\/uploads\/2026\/03\/Alessandro-365x365.webp 365w\" sizes=\"(max-width: 500px) 100vw, 500px\" \/><\/a><\/figure><div class=\"elementor-image-box-content\"><h3 class=\"elementor-image-box-title\"><a href=\"https:\/\/ibanez.adv.br\/index.php\/alessandro-edoardo-minutti\/\">Alessandro Edoardo Minutti<\/a><\/h3><p class=\"elementor-image-box-description\">Advogado<\/p><\/div><\/div>\t\t\t\t<\/div>\n\t\t\t\t<div class=\"elementor-element elementor-element-0a2c33f elementor-position-top elementor-invisible elementor-widget elementor-widget-image-box\" data-id=\"0a2c33f\" data-element_type=\"widget\" data-e-type=\"widget\" data-settings=\"{&quot;_animation&quot;:&quot;fadeInUp&quot;}\" data-widget_type=\"image-box.default\">\n\t\t\t\t\t<div class=\"elementor-image-box-wrapper\"><figure class=\"elementor-image-box-img\"><a href=\"https:\/\/ibanez.adv.br\/index.php\/carlos-eduardo-ziliatto\/\" tabindex=\"-1\"><img loading=\"lazy\" decoding=\"async\" width=\"500\" height=\"500\" src=\"https:\/\/ibanez.adv.br\/wp-content\/uploads\/2026\/03\/Carlos.webp\" class=\"elementor-animation-grow attachment-full size-full wp-image-2268\" alt=\"\" srcset=\"https:\/\/ibanez.adv.br\/wp-content\/uploads\/2026\/03\/Carlos.webp 500w, https:\/\/ibanez.adv.br\/wp-content\/uploads\/2026\/03\/Carlos-300x300.webp 300w, https:\/\/ibanez.adv.br\/wp-content\/uploads\/2026\/03\/Carlos-150x150.webp 150w, https:\/\/ibanez.adv.br\/wp-content\/uploads\/2026\/03\/Carlos-365x365.webp 365w\" sizes=\"(max-width: 500px) 100vw, 500px\" \/><\/a><\/figure><div class=\"elementor-image-box-content\"><h3 class=\"elementor-image-box-title\"><a href=\"https:\/\/ibanez.adv.br\/index.php\/carlos-eduardo-ziliatto\/\">Carlos Eduardo Ziliatto<\/a><\/h3><p class=\"elementor-image-box-description\">Advogado<\/p><\/div><\/div>\t\t\t\t<\/div>\n\t\t\t\t<div class=\"elementor-element elementor-element-ca5714a elementor-position-top elementor-invisible elementor-widget elementor-widget-image-box\" data-id=\"ca5714a\" data-element_type=\"widget\" data-e-type=\"widget\" data-settings=\"{&quot;_animation&quot;:&quot;fadeInUp&quot;}\" data-widget_type=\"image-box.default\">\n\t\t\t\t\t<div class=\"elementor-image-box-wrapper\"><figure class=\"elementor-image-box-img\"><a href=\"https:\/\/ibanez.adv.br\/index.php\/juliana-do-val-mendes-m-rocha\/\" tabindex=\"-1\"><img loading=\"lazy\" decoding=\"async\" width=\"500\" height=\"500\" src=\"https:\/\/ibanez.adv.br\/wp-content\/uploads\/2026\/03\/Juliana.webp\" class=\"elementor-animation-grow attachment-full size-full wp-image-2270\" alt=\"\" srcset=\"https:\/\/ibanez.adv.br\/wp-content\/uploads\/2026\/03\/Juliana.webp 500w, https:\/\/ibanez.adv.br\/wp-content\/uploads\/2026\/03\/Juliana-300x300.webp 300w, https:\/\/ibanez.adv.br\/wp-content\/uploads\/2026\/03\/Juliana-150x150.webp 150w, https:\/\/ibanez.adv.br\/wp-content\/uploads\/2026\/03\/Juliana-365x365.webp 365w\" sizes=\"(max-width: 500px) 100vw, 500px\" \/><\/a><\/figure><div class=\"elementor-image-box-content\"><h3 class=\"elementor-image-box-title\"><a href=\"https:\/\/ibanez.adv.br\/index.php\/juliana-do-val-mendes-m-rocha\/\">Juliana Do Val<br \/> Mendes M. Rocha<\/a><\/h3><p class=\"elementor-image-box-description\">Advogada<\/p><\/div><\/div>\t\t\t\t<\/div>\n\t\t\t\t<div class=\"elementor-element elementor-element-5fd6c63 elementor-position-top elementor-invisible elementor-widget elementor-widget-image-box\" data-id=\"5fd6c63\" data-element_type=\"widget\" data-e-type=\"widget\" data-settings=\"{&quot;_animation&quot;:&quot;fadeInUp&quot;}\" data-widget_type=\"image-box.default\">\n\t\t\t\t\t<div class=\"elementor-image-box-wrapper\"><figure class=\"elementor-image-box-img\"><a href=\"https:\/\/ibanez.adv.br\/index.php\/monize-lima-serradilho\/\" tabindex=\"-1\"><img loading=\"lazy\" decoding=\"async\" width=\"500\" height=\"500\" src=\"https:\/\/ibanez.adv.br\/wp-content\/uploads\/2026\/03\/Monize.webp\" class=\"elementor-animation-grow attachment-full size-full wp-image-2271\" alt=\"\" srcset=\"https:\/\/ibanez.adv.br\/wp-content\/uploads\/2026\/03\/Monize.webp 500w, https:\/\/ibanez.adv.br\/wp-content\/uploads\/2026\/03\/Monize-300x300.webp 300w, https:\/\/ibanez.adv.br\/wp-content\/uploads\/2026\/03\/Monize-150x150.webp 150w, https:\/\/ibanez.adv.br\/wp-content\/uploads\/2026\/03\/Monize-365x365.webp 365w\" sizes=\"(max-width: 500px) 100vw, 500px\" \/><\/a><\/figure><div class=\"elementor-image-box-content\"><h3 class=\"elementor-image-box-title\"><a href=\"https:\/\/ibanez.adv.br\/index.php\/monize-lima-serradilho\/\">Monize Lima Serradilho<\/a><\/h3><p class=\"elementor-image-box-description\">Advogada<\/p><\/div><\/div>\t\t\t\t<\/div>\n\t\t\t\t<\/div>\n\t\t\t\t\t<\/div>\n\t\t\t\t<\/div>\n\t\t\t\t<\/div>\n\t\t","protected":false},"excerpt":{"rendered":"<p>Prote\u00e7\u00e3o, estrat\u00e9gia e seguran\u00e7a para o seu patrim\u00f4nio.<\/p>\n","protected":false},"author":2,"featured_media":1996,"parent":0,"menu_order":0,"comment_status":"closed","ping_status":"closed","template":"","meta":{"_acf_changed":false,"footnotes":""},"class_list":["post-2259","page","type-page","status-publish","has-post-thumbnail","hentry"],"acf":[],"yoast_head":"<!-- This site is optimized with the Yoast SEO plugin v27.1.1 - https:\/\/yoast.com\/product\/yoast-seo-wordpress\/ -->\n<title>Jorge Iba\u00f1ez - Iba\u00f1ez Advogados Associados<\/title>\n<meta name=\"robots\" content=\"index, follow, max-snippet:-1, max-image-preview:large, max-video-preview:-1\" \/>\n<link rel=\"canonical\" href=\"https:\/\/ibanez.adv.br\/index.php\/jorge-ibanez\/\" \/>\n<meta property=\"og:locale\" content=\"en_US\" \/>\n<meta property=\"og:type\" content=\"article\" \/>\n<meta property=\"og:title\" content=\"Jorge Iba\u00f1ez - Iba\u00f1ez Advogados Associados\" \/>\n<meta property=\"og:description\" content=\"Prote\u00e7\u00e3o, estrat\u00e9gia e seguran\u00e7a para o seu patrim\u00f4nio.\" \/>\n<meta property=\"og:url\" content=\"https:\/\/ibanez.adv.br\/index.php\/jorge-ibanez\/\" \/>\n<meta property=\"og:site_name\" content=\"Iba\u00f1ez Advogados Associados\" \/>\n<meta property=\"article:modified_time\" content=\"2026-03-18T15:32:08+00:00\" \/>\n<meta property=\"og:image\" content=\"https:\/\/ibanez.adv.br\/wp-content\/uploads\/2026\/03\/teste-Gestao.webp\" \/>\n\t<meta property=\"og:image:width\" content=\"640\" \/>\n\t<meta property=\"og:image:height\" content=\"560\" \/>\n\t<meta property=\"og:image:type\" content=\"image\/webp\" \/>\n<meta name=\"twitter:card\" content=\"summary_large_image\" \/>\n<meta name=\"twitter:label1\" content=\"Est. reading time\" \/>\n\t<meta name=\"twitter:data1\" content=\"2 minutes\" \/>\n<script type=\"application\/ld+json\" class=\"yoast-schema-graph\">{\"@context\":\"https:\/\/schema.org\",\"@graph\":[{\"@type\":\"WebPage\",\"@id\":\"https:\/\/ibanez.adv.br\/index.php\/jorge-ibanez\/\",\"url\":\"https:\/\/ibanez.adv.br\/index.php\/jorge-ibanez\/\",\"name\":\"Jorge Iba\u00f1ez - Iba\u00f1ez Advogados Associados\",\"isPartOf\":{\"@id\":\"https:\/\/ibanez.adv.br\/#website\"},\"primaryImageOfPage\":{\"@id\":\"https:\/\/ibanez.adv.br\/index.php\/jorge-ibanez\/#primaryimage\"},\"image\":{\"@id\":\"https:\/\/ibanez.adv.br\/index.php\/jorge-ibanez\/#primaryimage\"},\"thumbnailUrl\":\"https:\/\/ibanez.adv.br\/wp-content\/uploads\/2026\/03\/teste-Gestao.webp\",\"datePublished\":\"2026-03-15T22:22:37+00:00\",\"dateModified\":\"2026-03-18T15:32:08+00:00\",\"breadcrumb\":{\"@id\":\"https:\/\/ibanez.adv.br\/index.php\/jorge-ibanez\/#breadcrumb\"},\"inLanguage\":\"en-US\",\"potentialAction\":[{\"@type\":\"ReadAction\",\"target\":[\"https:\/\/ibanez.adv.br\/index.php\/jorge-ibanez\/\"]}]},{\"@type\":\"ImageObject\",\"inLanguage\":\"en-US\",\"@id\":\"https:\/\/ibanez.adv.br\/index.php\/jorge-ibanez\/#primaryimage\",\"url\":\"https:\/\/ibanez.adv.br\/wp-content\/uploads\/2026\/03\/teste-Gestao.webp\",\"contentUrl\":\"https:\/\/ibanez.adv.br\/wp-content\/uploads\/2026\/03\/teste-Gestao.webp\",\"width\":640,\"height\":560},{\"@type\":\"BreadcrumbList\",\"@id\":\"https:\/\/ibanez.adv.br\/index.php\/jorge-ibanez\/#breadcrumb\",\"itemListElement\":[{\"@type\":\"ListItem\",\"position\":1,\"name\":\"Home\",\"item\":\"https:\/\/ibanez.adv.br\/\"},{\"@type\":\"ListItem\",\"position\":2,\"name\":\"Jorge Iba\u00f1ez\"}]},{\"@type\":\"WebSite\",\"@id\":\"https:\/\/ibanez.adv.br\/#website\",\"url\":\"https:\/\/ibanez.adv.br\/\",\"name\":\"Iba\u00f1ez Advogados Associados\",\"description\":\"\",\"publisher\":{\"@id\":\"https:\/\/ibanez.adv.br\/#organization\"},\"potentialAction\":[{\"@type\":\"SearchAction\",\"target\":{\"@type\":\"EntryPoint\",\"urlTemplate\":\"https:\/\/ibanez.adv.br\/?s={search_term_string}\"},\"query-input\":{\"@type\":\"PropertyValueSpecification\",\"valueRequired\":true,\"valueName\":\"search_term_string\"}}],\"inLanguage\":\"en-US\"},{\"@type\":\"Organization\",\"@id\":\"https:\/\/ibanez.adv.br\/#organization\",\"name\":\"Iba\u00f1ez Advogados Associados\",\"url\":\"https:\/\/ibanez.adv.br\/\",\"logo\":{\"@type\":\"ImageObject\",\"inLanguage\":\"en-US\",\"@id\":\"https:\/\/ibanez.adv.br\/#\/schema\/logo\/image\/\",\"url\":\"\",\"contentUrl\":\"\",\"caption\":\"Iba\u00f1ez Advogados Associados\"},\"image\":{\"@id\":\"https:\/\/ibanez.adv.br\/#\/schema\/logo\/image\/\"}}]}<\/script>\n<!-- \/ Yoast SEO plugin. -->","yoast_head_json":{"title":"Jorge Iba\u00f1ez - Iba\u00f1ez Advogados Associados","robots":{"index":"index","follow":"follow","max-snippet":"max-snippet:-1","max-image-preview":"max-image-preview:large","max-video-preview":"max-video-preview:-1"},"canonical":"https:\/\/ibanez.adv.br\/index.php\/jorge-ibanez\/","og_locale":"en_US","og_type":"article","og_title":"Jorge Iba\u00f1ez - Iba\u00f1ez Advogados Associados","og_description":"Prote\u00e7\u00e3o, estrat\u00e9gia e seguran\u00e7a para o seu patrim\u00f4nio.","og_url":"https:\/\/ibanez.adv.br\/index.php\/jorge-ibanez\/","og_site_name":"Iba\u00f1ez Advogados Associados","article_modified_time":"2026-03-18T15:32:08+00:00","og_image":[{"width":640,"height":560,"url":"https:\/\/ibanez.adv.br\/wp-content\/uploads\/2026\/03\/teste-Gestao.webp","type":"image\/webp"}],"twitter_card":"summary_large_image","twitter_misc":{"Est. reading time":"2 minutes"},"schema":{"@context":"https:\/\/schema.org","@graph":[{"@type":"WebPage","@id":"https:\/\/ibanez.adv.br\/index.php\/jorge-ibanez\/","url":"https:\/\/ibanez.adv.br\/index.php\/jorge-ibanez\/","name":"Jorge Iba\u00f1ez - Iba\u00f1ez Advogados Associados","isPartOf":{"@id":"https:\/\/ibanez.adv.br\/#website"},"primaryImageOfPage":{"@id":"https:\/\/ibanez.adv.br\/index.php\/jorge-ibanez\/#primaryimage"},"image":{"@id":"https:\/\/ibanez.adv.br\/index.php\/jorge-ibanez\/#primaryimage"},"thumbnailUrl":"https:\/\/ibanez.adv.br\/wp-content\/uploads\/2026\/03\/teste-Gestao.webp","datePublished":"2026-03-15T22:22:37+00:00","dateModified":"2026-03-18T15:32:08+00:00","breadcrumb":{"@id":"https:\/\/ibanez.adv.br\/index.php\/jorge-ibanez\/#breadcrumb"},"inLanguage":"en-US","potentialAction":[{"@type":"ReadAction","target":["https:\/\/ibanez.adv.br\/index.php\/jorge-ibanez\/"]}]},{"@type":"ImageObject","inLanguage":"en-US","@id":"https:\/\/ibanez.adv.br\/index.php\/jorge-ibanez\/#primaryimage","url":"https:\/\/ibanez.adv.br\/wp-content\/uploads\/2026\/03\/teste-Gestao.webp","contentUrl":"https:\/\/ibanez.adv.br\/wp-content\/uploads\/2026\/03\/teste-Gestao.webp","width":640,"height":560},{"@type":"BreadcrumbList","@id":"https:\/\/ibanez.adv.br\/index.php\/jorge-ibanez\/#breadcrumb","itemListElement":[{"@type":"ListItem","position":1,"name":"Home","item":"https:\/\/ibanez.adv.br\/"},{"@type":"ListItem","position":2,"name":"Jorge Iba\u00f1ez"}]},{"@type":"WebSite","@id":"https:\/\/ibanez.adv.br\/#website","url":"https:\/\/ibanez.adv.br\/","name":"Iba\u00f1ez Advogados Associados","description":"","publisher":{"@id":"https:\/\/ibanez.adv.br\/#organization"},"potentialAction":[{"@type":"SearchAction","target":{"@type":"EntryPoint","urlTemplate":"https:\/\/ibanez.adv.br\/?s={search_term_string}"},"query-input":{"@type":"PropertyValueSpecification","valueRequired":true,"valueName":"search_term_string"}}],"inLanguage":"en-US"},{"@type":"Organization","@id":"https:\/\/ibanez.adv.br\/#organization","name":"Iba\u00f1ez Advogados Associados","url":"https:\/\/ibanez.adv.br\/","logo":{"@type":"ImageObject","inLanguage":"en-US","@id":"https:\/\/ibanez.adv.br\/#\/schema\/logo\/image\/","url":"","contentUrl":"","caption":"Iba\u00f1ez Advogados Associados"},"image":{"@id":"https:\/\/ibanez.adv.br\/#\/schema\/logo\/image\/"}}]}},"_links":{"self":[{"href":"https:\/\/ibanez.adv.br\/index.php\/wp-json\/wp\/v2\/pages\/2259","targetHints":{"allow":["GET"]}}],"collection":[{"href":"https:\/\/ibanez.adv.br\/index.php\/wp-json\/wp\/v2\/pages"}],"about":[{"href":"https:\/\/ibanez.adv.br\/index.php\/wp-json\/wp\/v2\/types\/page"}],"author":[{"embeddable":true,"href":"https:\/\/ibanez.adv.br\/index.php\/wp-json\/wp\/v2\/users\/2"}],"replies":[{"embeddable":true,"href":"https:\/\/ibanez.adv.br\/index.php\/wp-json\/wp\/v2\/comments?post=2259"}],"version-history":[{"count":13,"href":"https:\/\/ibanez.adv.br\/index.php\/wp-json\/wp\/v2\/pages\/2259\/revisions"}],"predecessor-version":[{"id":2483,"href":"https:\/\/ibanez.adv.br\/index.php\/wp-json\/wp\/v2\/pages\/2259\/revisions\/2483"}],"wp:featuredmedia":[{"embeddable":true,"href":"https:\/\/ibanez.adv.br\/index.php\/wp-json\/wp\/v2\/media\/1996"}],"wp:attachment":[{"href":"https:\/\/ibanez.adv.br\/index.php\/wp-json\/wp\/v2\/media?parent=2259"}],"curies":[{"name":"wp","href":"https:\/\/api.w.org\/{rel}","templated":true}]}}