{"id":2028,"date":"2026-03-09T20:59:42","date_gmt":"2026-03-09T20:59:42","guid":{"rendered":"https:\/\/ibanez.adv.br\/?page_id=2028"},"modified":"2026-03-23T12:02:11","modified_gmt":"2026-03-23T12:02:11","slug":"contato","status":"publish","type":"page","link":"https:\/\/ibanez.adv.br\/index.php\/contato\/","title":{"rendered":"Contato"},"content":{"rendered":"\t\t<div data-elementor-type=\"wp-page\" data-elementor-id=\"2028\" class=\"elementor elementor-2028\">\n\t\t\t\t<div class=\"elementor-element elementor-element-1b8d55a e-con-full e-flex wpr-particle-no wpr-jarallax-no wpr-parallax-no wpr-sticky-section-no wpr-equal-height-no e-con e-parent\" data-id=\"1b8d55a\" data-element_type=\"container\" data-e-type=\"container\" data-settings=\"{&quot;background_background&quot;:&quot;classic&quot;}\">\n\t\t\t\t<div class=\"elementor-element elementor-element-3923b53 elementor-widget elementor-widget-heading\" data-id=\"3923b53\" data-element_type=\"widget\" data-e-type=\"widget\" data-widget_type=\"heading.default\">\n\t\t\t\t\t<h2 class=\"elementor-heading-title elementor-size-default\">Contato<\/h2>\t\t\t\t<\/div>\n\t\t\t\t<\/div>\n\t\t<div class=\"elementor-element elementor-element-b28bb8b e-flex e-con-boxed wpr-particle-no wpr-jarallax-no wpr-parallax-no wpr-sticky-section-no wpr-equal-height-no e-con e-parent\" data-id=\"b28bb8b\" data-element_type=\"container\" data-e-type=\"container\" id=\"form\">\n\t\t\t\t\t<div class=\"e-con-inner\">\n\t\t<div class=\"elementor-element elementor-element-4116eb6 e-con-full e-flex wpr-particle-no wpr-jarallax-no wpr-parallax-no wpr-sticky-section-no wpr-equal-height-no e-con e-child\" data-id=\"4116eb6\" data-element_type=\"container\" data-e-type=\"container\">\n\t\t\t\t<div class=\"elementor-element elementor-element-764c65a elementor-widget elementor-widget-heading\" data-id=\"764c65a\" data-element_type=\"widget\" data-e-type=\"widget\" data-widget_type=\"heading.default\">\n\t\t\t\t\t<h2 class=\"elementor-heading-title elementor-size-default\">Entre em contato conosco pelos Canais de atendimento.<\/h2>\t\t\t\t<\/div>\n\t\t<div class=\"elementor-element elementor-element-3a1fba2 e-con-full animated-fast e-flex wpr-particle-no wpr-jarallax-no wpr-parallax-no wpr-sticky-section-no wpr-equal-height-no elementor-invisible e-con e-child\" data-id=\"3a1fba2\" data-element_type=\"container\" data-e-type=\"container\" data-settings=\"{&quot;animation&quot;:&quot;proven-fadeInUp&quot;}\">\n\t\t<div class=\"elementor-element elementor-element-0ac8b31 e-con-full e-flex wpr-particle-no wpr-jarallax-no wpr-parallax-no wpr-sticky-section-no wpr-equal-height-no e-con e-child\" data-id=\"0ac8b31\" data-element_type=\"container\" data-e-type=\"container\">\n\t\t\t\t<div class=\"elementor-element elementor-element-5aaceaf elementor-widget elementor-widget-heading\" data-id=\"5aaceaf\" data-element_type=\"widget\" data-e-type=\"widget\" data-widget_type=\"heading.default\">\n\t\t\t\t\t<h2 class=\"elementor-heading-title elementor-size-default\">Telefone<\/h2>\t\t\t\t<\/div>\n\t\t\t\t<\/div>\n\t\t<div class=\"elementor-element elementor-element-be05162 e-con-full e-flex wpr-particle-no wpr-jarallax-no wpr-parallax-no wpr-sticky-section-no wpr-equal-height-no e-con e-child\" data-id=\"be05162\" data-element_type=\"container\" data-e-type=\"container\">\n\t\t\t\t<div class=\"elementor-element elementor-element-1418ba2 elementor-widget elementor-widget-heading\" data-id=\"1418ba2\" data-element_type=\"widget\" data-e-type=\"widget\" data-widget_type=\"heading.default\">\n\t\t\t\t\t<h2 class=\"elementor-heading-title elementor-size-default\"><a href=\"tel:+55%20(11)%203253-0906\">+55 (11) 3253-0906<\/a><\/h2>\t\t\t\t<\/div>\n\t\t\t\t<\/div>\n\t\t\t\t<\/div>\n\t\t\t\t<div class=\"elementor-element elementor-element-22fd43a elementor-widget-divider--view-line elementor-widget elementor-widget-divider\" data-id=\"22fd43a\" data-element_type=\"widget\" data-e-type=\"widget\" data-widget_type=\"divider.default\">\n\t\t\t\t\t\t\t<div class=\"elementor-divider\">\n\t\t\t<span class=\"elementor-divider-separator\">\n\t\t\t\t\t\t<\/span>\n\t\t<\/div>\n\t\t\t\t\t\t<\/div>\n\t\t<div class=\"elementor-element elementor-element-96edae6 e-con-full animated-fast e-flex wpr-particle-no wpr-jarallax-no wpr-parallax-no wpr-sticky-section-no wpr-equal-height-no elementor-invisible e-con e-child\" data-id=\"96edae6\" data-element_type=\"container\" data-e-type=\"container\" data-settings=\"{&quot;animation&quot;:&quot;proven-fadeInUp&quot;}\">\n\t\t<div class=\"elementor-element elementor-element-c3e39a3 e-con-full e-flex wpr-particle-no wpr-jarallax-no wpr-parallax-no wpr-sticky-section-no wpr-equal-height-no e-con e-child\" data-id=\"c3e39a3\" data-element_type=\"container\" data-e-type=\"container\">\n\t\t\t\t<div class=\"elementor-element elementor-element-61600ee elementor-widget elementor-widget-heading\" data-id=\"61600ee\" data-element_type=\"widget\" data-e-type=\"widget\" data-widget_type=\"heading.default\">\n\t\t\t\t\t<h2 class=\"elementor-heading-title elementor-size-default\">Endere\u00e7o<\/h2>\t\t\t\t<\/div>\n\t\t\t\t<\/div>\n\t\t<div class=\"elementor-element elementor-element-a67dc61 e-con-full e-flex wpr-particle-no wpr-jarallax-no wpr-parallax-no wpr-sticky-section-no wpr-equal-height-no e-con e-child\" data-id=\"a67dc61\" data-element_type=\"container\" data-e-type=\"container\">\n\t\t\t\t<div class=\"elementor-element elementor-element-1157f8d elementor-widget elementor-widget-heading\" data-id=\"1157f8d\" data-element_type=\"widget\" data-e-type=\"widget\" data-widget_type=\"heading.default\">\n\t\t\t\t\t<h2 class=\"elementor-heading-title elementor-size-default\"><a href=\"https:\/\/www.google.com\/maps\/place\/Alameda+Santos,+1909+-+51+-+Cerqueira+C%C3%A9sar,+S%C3%A3o+Paulo+-+SP,+01418-102\/@-23.560806,-46.661945,17z\/data=!4m13!1m7!3m6!1s0x94ce59cdc387ee41:0x8dfa860d0af974eb!2sAlameda+Santos,+1909+-+51+-+Cerqueira+C%C3%A9sar,+S%C3%A3o+Paulo+-+SP,+01418-102!3b1!8m2!3d-23.560806!4d-46.6593701!3m4!1s0x94ce59cdc387ee41:0x8dfa860d0af974eb!8m2!3d-23.560806!4d-46.6593701?entry=ttu&#038;g_ep=EgoyMDI2MDMxMS4wIKXMDSoASAFQAw%3D%3D\" target=\"_blank\">Al. Santos, 1909 \u2013 cj 51, Cerqueira C\u00e9sar - S\u00e3o Paulo, SP<\/a><\/h2>\t\t\t\t<\/div>\n\t\t\t\t<\/div>\n\t\t\t\t<\/div>\n\t\t\t\t<div class=\"elementor-element elementor-element-449f17c elementor-widget-divider--view-line elementor-widget elementor-widget-divider\" data-id=\"449f17c\" data-element_type=\"widget\" data-e-type=\"widget\" data-widget_type=\"divider.default\">\n\t\t\t\t\t\t\t<div class=\"elementor-divider\">\n\t\t\t<span class=\"elementor-divider-separator\">\n\t\t\t\t\t\t<\/span>\n\t\t<\/div>\n\t\t\t\t\t\t<\/div>\n\t\t<div class=\"elementor-element elementor-element-b985aaf e-con-full animated-fast e-flex wpr-particle-no wpr-jarallax-no wpr-parallax-no wpr-sticky-section-no wpr-equal-height-no elementor-invisible e-con e-child\" data-id=\"b985aaf\" data-element_type=\"container\" data-e-type=\"container\" data-settings=\"{&quot;animation&quot;:&quot;proven-fadeInUp&quot;}\">\n\t\t<div class=\"elementor-element elementor-element-ba685ce e-con-full e-flex wpr-particle-no wpr-jarallax-no wpr-parallax-no wpr-sticky-section-no wpr-equal-height-no e-con e-child\" data-id=\"ba685ce\" data-element_type=\"container\" data-e-type=\"container\">\n\t\t\t\t<div class=\"elementor-element elementor-element-f109ed8 elementor-widget elementor-widget-heading\" data-id=\"f109ed8\" data-element_type=\"widget\" data-e-type=\"widget\" data-widget_type=\"heading.default\">\n\t\t\t\t\t<h2 class=\"elementor-heading-title elementor-size-default\">Email<\/h2>\t\t\t\t<\/div>\n\t\t\t\t<\/div>\n\t\t<div class=\"elementor-element elementor-element-e7f7f7f e-con-full e-flex wpr-particle-no wpr-jarallax-no wpr-parallax-no wpr-sticky-section-no wpr-equal-height-no e-con e-child\" data-id=\"e7f7f7f\" data-element_type=\"container\" data-e-type=\"container\">\n\t\t\t\t<div class=\"elementor-element elementor-element-695a069 elementor-widget elementor-widget-heading\" data-id=\"695a069\" data-element_type=\"widget\" data-e-type=\"widget\" data-widget_type=\"heading.default\">\n\t\t\t\t\t<h2 class=\"elementor-heading-title elementor-size-default\"><a href=\"mailto:contato@ibanez.adv.br\" target=\"_blank\">contato@ibanez.adv.br<\/a><\/h2>\t\t\t\t<\/div>\n\t\t\t\t<\/div>\n\t\t\t\t<\/div>\n\t\t\t\t<div class=\"elementor-element elementor-element-6ca07c3 elementor-widget-divider--view-line elementor-widget elementor-widget-divider\" data-id=\"6ca07c3\" data-element_type=\"widget\" data-e-type=\"widget\" data-widget_type=\"divider.default\">\n\t\t\t\t\t\t\t<div class=\"elementor-divider\">\n\t\t\t<span class=\"elementor-divider-separator\">\n\t\t\t\t\t\t<\/span>\n\t\t<\/div>\n\t\t\t\t\t\t<\/div>\n\t\t\t\t<\/div>\n\t\t<div class=\"elementor-element elementor-element-6b4e5e9 e-con-full e-flex wpr-particle-no wpr-jarallax-no wpr-parallax-no wpr-sticky-section-no wpr-equal-height-no e-con e-child\" data-id=\"6b4e5e9\" data-element_type=\"container\" data-e-type=\"container\">\n\t\t<div class=\"elementor-element elementor-element-1065304 e-con-full animated-fast e-flex wpr-particle-no wpr-jarallax-no wpr-parallax-no wpr-sticky-section-no wpr-equal-height-no elementor-invisible e-con e-child\" data-id=\"1065304\" data-element_type=\"container\" data-e-type=\"container\" data-settings=\"{&quot;background_background&quot;:&quot;classic&quot;,&quot;animation&quot;:&quot;proven-fadeInUp&quot;}\">\n\t\t\t\t<div class=\"elementor-element elementor-element-c5239f0 elementor-widget elementor-widget-qt-contact-form-7\" data-id=\"c5239f0\" data-element_type=\"widget\" data-e-type=\"widget\" data-widget_type=\"qt-contact-form-7.default\">\n\t\t\t\t\t        <div class=\"contact-form__wrapper\">\n            \n<div class=\"wpcf7 no-js\" id=\"wpcf7-f2195-o1\" lang=\"en-US\" dir=\"ltr\" data-wpcf7-id=\"2195\">\n<div class=\"screen-reader-response\"><p role=\"status\" aria-live=\"polite\" aria-atomic=\"true\"><\/p> <ul><\/ul><\/div>\n<form action=\"\/index.php\/wp-json\/wp\/v2\/pages\/2028#wpcf7-f2195-o1\" method=\"post\" class=\"wpcf7-form init\" aria-label=\"Contact form\" enctype=\"multipart\/form-data\" novalidate=\"novalidate\" data-status=\"init\">\n<fieldset class=\"hidden-fields-container\"><input type=\"hidden\" name=\"_wpcf7\" value=\"2195\" \/><input type=\"hidden\" name=\"_wpcf7_version\" value=\"6.1.5\" \/><input type=\"hidden\" name=\"_wpcf7_locale\" value=\"en_US\" \/><input type=\"hidden\" name=\"_wpcf7_unit_tag\" value=\"wpcf7-f2195-o1\" \/><input type=\"hidden\" name=\"_wpcf7_container_post\" value=\"0\" \/><input type=\"hidden\" name=\"_wpcf7_posted_data_hash\" value=\"\" \/>\n<\/fieldset>\n<div class=\"row\">\n\t<div class=\"col-12 col-lg-6\">\n\t\t<p><label class=\"asteriks\">Nome<\/label><span class=\"wpcf7-form-control-wrap\" data-name=\"your-name\"><input size=\"40\" maxlength=\"400\" class=\"wpcf7-form-control wpcf7-text wpcf7-validates-as-required\" aria-required=\"true\" aria-invalid=\"false\" value=\"\" type=\"text\" name=\"your-name\" \/><\/span>\n\t\t<\/p>\n\t<\/div>\n\t<div class=\"col-12 col-lg-6\">\n\t\t<p><label class=\"asteriks\">Email<\/label><span class=\"wpcf7-form-control-wrap\" data-name=\"your-email\"><input size=\"40\" maxlength=\"400\" class=\"wpcf7-form-control wpcf7-email wpcf7-validates-as-required wpcf7-text wpcf7-validates-as-email\" aria-required=\"true\" aria-invalid=\"false\" value=\"\" type=\"email\" name=\"your-email\" \/><\/span>\n\t\t<\/p>\n\t<\/div>\n<\/div>\n<div class=\"row\">\n\t<div class=\"col-12 col-lg-6\">\n\t\t<p><label class=\"asteriks\">Fone<\/label><span class=\"wpcf7-form-control-wrap\" data-name=\"your-phone\"><input size=\"40\" maxlength=\"400\" class=\"wpcf7-form-control wpcf7-tel wpcf7-validates-as-required wpcf7-text wpcf7-validates-as-tel\" aria-required=\"true\" aria-invalid=\"false\" value=\"\" type=\"tel\" name=\"your-phone\" \/><\/span>\n\t\t<\/p>\n\t<\/div>\n\t<div class=\"col-12 col-lg-6\">\n\t\t<p><label>Assunto<\/label><span class=\"wpcf7-form-control-wrap\" data-name=\"your-address\"><input size=\"40\" maxlength=\"400\" class=\"wpcf7-form-control wpcf7-text\" aria-invalid=\"false\" value=\"\" type=\"text\" name=\"your-address\" \/><\/span>\n\t\t<\/p>\n\t<\/div>\n<\/div>\n<div class=\"row\">\n\t<div class=\"col-12\">\n\t\t<p><label>Anexar <span>(Opcional)<\/span><\/label><span class=\"wpcf7-form-control-wrap\" data-name=\"your-file\"><input size=\"40\" class=\"wpcf7-form-control wpcf7-file form-file\" accept=\".png,.jpg,.pdf,.jpeg,.txt\" aria-invalid=\"false\" type=\"file\" name=\"your-file\" \/><\/span>\n\t\t<\/p>\n\t<\/div>\n<\/div>\n<div class=\"row\">\n\t<div class=\"col-12\">\n\t\t<p><label class=\"asteriks\">Mensagem<\/label><span class=\"wpcf7-form-control-wrap\" data-name=\"your-message\"><textarea cols=\"40\" rows=\"10\" maxlength=\"2000\" class=\"wpcf7-form-control wpcf7-textarea wpcf7-validates-as-required\" aria-required=\"true\" aria-invalid=\"false\" name=\"your-message\"><\/textarea><\/span>\n\t\t<\/p>\n\t<\/div>\n\t<div class=\"col-12 d-flex justify-center\">\n\t\t<p><span class=\"wpcf7-form-control-wrap\" data-name=\"your-acceptance\"><span class=\"wpcf7-form-control wpcf7-acceptance\"><span class=\"wpcf7-list-item\"><label><input type=\"checkbox\" name=\"your-acceptance\" value=\"1\" checked=\"checked\" aria-invalid=\"false\" \/><span class=\"wpcf7-list-item-label\">Eu concordo com a \n    <a href=\"https:\/\/ibanez.adv.br\/index.php\/politica-de-privacidade\/\" class=\"qt-underline\" target=\"_blank\">\n        Pol\u00edtica de Privacidade\n    <\/a> deste website.<\/span><\/label><\/span><\/span><\/span>\n\t\t<\/p>\n\t<\/div>\n\t<div class=\"col-12\">\n\t\t<p><input class=\"wpcf7-form-control wpcf7-submit has-spinner fullwidth\" type=\"submit\" value=\"Enviar\" \/>\n\t\t<\/p>\n\t<\/div>\n<\/div><p style=\"display: none !important;\" class=\"akismet-fields-container\" data-prefix=\"_wpcf7_ak_\"><label>&#916;<textarea name=\"_wpcf7_ak_hp_textarea\" cols=\"45\" rows=\"8\" maxlength=\"100\"><\/textarea><\/label><input type=\"hidden\" id=\"ak_js_1\" name=\"_wpcf7_ak_js\" value=\"177\"\/><script>document.getElementById( \"ak_js_1\" ).setAttribute( \"value\", ( new Date() ).getTime() );<\/script><\/p><div class=\"wpcf7-response-output\" aria-hidden=\"true\"><\/div>\n<\/form>\n<\/div>\n        <\/div>\n        \t\t\t\t<\/div>\n\t\t\t\t<\/div>\n\t\t\t\t<\/div>\n\t\t\t\t\t<\/div>\n\t\t\t\t<\/div>\n\t\t<div class=\"elementor-element elementor-element-931075e e-con-full animated-fast e-flex wpr-particle-no wpr-jarallax-no wpr-parallax-no wpr-sticky-section-no wpr-equal-height-no elementor-invisible e-con e-parent\" data-id=\"931075e\" data-element_type=\"container\" data-e-type=\"container\" data-settings=\"{&quot;animation&quot;:&quot;proven-fadeInUp&quot;}\">\n\t\t\t\t<div class=\"elementor-element elementor-element-cd074df elementor-widget elementor-widget-google_maps\" data-id=\"cd074df\" data-element_type=\"widget\" data-e-type=\"widget\" data-widget_type=\"google_maps.default\">\n\t\t\t\t\t\t\t<div class=\"elementor-custom-embed\">\n\t\t\t<iframe loading=\"lazy\"\n\t\t\t\t\tsrc=\"https:\/\/maps.google.com\/maps?q=Alameda%20Santos%2C%201909%20-%2051%20-%20Cerqueira%20C%C3%A9sar&#038;t=m&#038;z=16&#038;output=embed&#038;iwloc=near\"\n\t\t\t\t\ttitle=\"Alameda Santos, 1909 - 51 - Cerqueira C\u00e9sar\"\n\t\t\t\t\taria-label=\"Alameda Santos, 1909 - 51 - Cerqueira C\u00e9sar\"\n\t\t\t><\/iframe>\n\t\t<\/div>\n\t\t\t\t\t\t<\/div>\n\t\t\t\t<\/div>\n\t\t\t\t<\/div>\n\t\t","protected":false},"excerpt":{"rendered":"<p>Contato Entre em contato conosco pelos Canais de atendimento. Telefone +55 (11) 3253-0906 Endere\u00e7o Al. Santos, 1909 \u2013 cj 51, Cerqueira C\u00e9sar &#8211; S\u00e3o Paulo, SP Email contato@ibanez.adv.br Nome Email Fone Assunto Anexar (Opcional) Mensagem Eu concordo com a Pol\u00edtica de Privacidade deste website. &#916;<\/p>\n","protected":false},"author":2,"featured_media":0,"parent":0,"menu_order":0,"comment_status":"closed","ping_status":"closed","template":"","meta":{"_acf_changed":false,"footnotes":""},"class_list":["post-2028","page","type-page","status-publish","hentry","no-post-thumbnail"],"acf":[],"yoast_head":"<!-- This site is optimized with the Yoast SEO plugin v27.1.1 - https:\/\/yoast.com\/product\/yoast-seo-wordpress\/ -->\n<title>Contato - Iba\u00f1ez Advogados Associados<\/title>\n<meta name=\"robots\" content=\"index, follow, max-snippet:-1, max-image-preview:large, max-video-preview:-1\" \/>\n<link rel=\"canonical\" href=\"https:\/\/ibanez.adv.br\/index.php\/contato\/\" \/>\n<meta property=\"og:locale\" content=\"en_US\" \/>\n<meta property=\"og:type\" content=\"article\" \/>\n<meta property=\"og:title\" content=\"Contato - Iba\u00f1ez Advogados Associados\" \/>\n<meta property=\"og:description\" content=\"Contato Entre em contato conosco pelos Canais de atendimento. Telefone +55 (11) 3253-0906 Endere\u00e7o Al. Santos, 1909 \u2013 cj 51, Cerqueira C\u00e9sar &#8211; S\u00e3o Paulo, SP Email contato@ibanez.adv.br Nome Email Fone Assunto Anexar (Opcional) Mensagem Eu concordo com a Pol\u00edtica de Privacidade deste website. &#916;\" \/>\n<meta property=\"og:url\" content=\"https:\/\/ibanez.adv.br\/index.php\/contato\/\" \/>\n<meta property=\"og:site_name\" content=\"Iba\u00f1ez Advogados Associados\" \/>\n<meta property=\"article:modified_time\" content=\"2026-03-23T12:02:11+00:00\" \/>\n<meta name=\"twitter:card\" content=\"summary_large_image\" \/>\n<meta name=\"twitter:label1\" content=\"Est. reading time\" \/>\n\t<meta name=\"twitter:data1\" content=\"1 minute\" \/>\n<script type=\"application\/ld+json\" class=\"yoast-schema-graph\">{\"@context\":\"https:\/\/schema.org\",\"@graph\":[{\"@type\":\"WebPage\",\"@id\":\"https:\/\/ibanez.adv.br\/index.php\/contato\/\",\"url\":\"https:\/\/ibanez.adv.br\/index.php\/contato\/\",\"name\":\"Contato - Iba\u00f1ez Advogados Associados\",\"isPartOf\":{\"@id\":\"https:\/\/ibanez.adv.br\/#website\"},\"datePublished\":\"2026-03-09T20:59:42+00:00\",\"dateModified\":\"2026-03-23T12:02:11+00:00\",\"breadcrumb\":{\"@id\":\"https:\/\/ibanez.adv.br\/index.php\/contato\/#breadcrumb\"},\"inLanguage\":\"en-US\",\"potentialAction\":[{\"@type\":\"ReadAction\",\"target\":[\"https:\/\/ibanez.adv.br\/index.php\/contato\/\"]}]},{\"@type\":\"BreadcrumbList\",\"@id\":\"https:\/\/ibanez.adv.br\/index.php\/contato\/#breadcrumb\",\"itemListElement\":[{\"@type\":\"ListItem\",\"position\":1,\"name\":\"Home\",\"item\":\"https:\/\/ibanez.adv.br\/\"},{\"@type\":\"ListItem\",\"position\":2,\"name\":\"Contato\"}]},{\"@type\":\"WebSite\",\"@id\":\"https:\/\/ibanez.adv.br\/#website\",\"url\":\"https:\/\/ibanez.adv.br\/\",\"name\":\"Iba\u00f1ez Advogados Associados\",\"description\":\"\",\"publisher\":{\"@id\":\"https:\/\/ibanez.adv.br\/#organization\"},\"potentialAction\":[{\"@type\":\"SearchAction\",\"target\":{\"@type\":\"EntryPoint\",\"urlTemplate\":\"https:\/\/ibanez.adv.br\/?s={search_term_string}\"},\"query-input\":{\"@type\":\"PropertyValueSpecification\",\"valueRequired\":true,\"valueName\":\"search_term_string\"}}],\"inLanguage\":\"en-US\"},{\"@type\":\"Organization\",\"@id\":\"https:\/\/ibanez.adv.br\/#organization\",\"name\":\"Iba\u00f1ez Advogados Associados\",\"url\":\"https:\/\/ibanez.adv.br\/\",\"logo\":{\"@type\":\"ImageObject\",\"inLanguage\":\"en-US\",\"@id\":\"https:\/\/ibanez.adv.br\/#\/schema\/logo\/image\/\",\"url\":\"\",\"contentUrl\":\"\",\"caption\":\"Iba\u00f1ez Advogados Associados\"},\"image\":{\"@id\":\"https:\/\/ibanez.adv.br\/#\/schema\/logo\/image\/\"}}]}<\/script>\n<!-- \/ Yoast SEO plugin. -->","yoast_head_json":{"title":"Contato - Iba\u00f1ez Advogados Associados","robots":{"index":"index","follow":"follow","max-snippet":"max-snippet:-1","max-image-preview":"max-image-preview:large","max-video-preview":"max-video-preview:-1"},"canonical":"https:\/\/ibanez.adv.br\/index.php\/contato\/","og_locale":"en_US","og_type":"article","og_title":"Contato - Iba\u00f1ez Advogados Associados","og_description":"Contato Entre em contato conosco pelos Canais de atendimento. Telefone +55 (11) 3253-0906 Endere\u00e7o Al. Santos, 1909 \u2013 cj 51, Cerqueira C\u00e9sar &#8211; S\u00e3o Paulo, SP Email contato@ibanez.adv.br Nome Email Fone Assunto Anexar (Opcional) Mensagem Eu concordo com a Pol\u00edtica de Privacidade deste website. &#916;","og_url":"https:\/\/ibanez.adv.br\/index.php\/contato\/","og_site_name":"Iba\u00f1ez Advogados Associados","article_modified_time":"2026-03-23T12:02:11+00:00","twitter_card":"summary_large_image","twitter_misc":{"Est. reading time":"1 minute"},"schema":{"@context":"https:\/\/schema.org","@graph":[{"@type":"WebPage","@id":"https:\/\/ibanez.adv.br\/index.php\/contato\/","url":"https:\/\/ibanez.adv.br\/index.php\/contato\/","name":"Contato - Iba\u00f1ez Advogados Associados","isPartOf":{"@id":"https:\/\/ibanez.adv.br\/#website"},"datePublished":"2026-03-09T20:59:42+00:00","dateModified":"2026-03-23T12:02:11+00:00","breadcrumb":{"@id":"https:\/\/ibanez.adv.br\/index.php\/contato\/#breadcrumb"},"inLanguage":"en-US","potentialAction":[{"@type":"ReadAction","target":["https:\/\/ibanez.adv.br\/index.php\/contato\/"]}]},{"@type":"BreadcrumbList","@id":"https:\/\/ibanez.adv.br\/index.php\/contato\/#breadcrumb","itemListElement":[{"@type":"ListItem","position":1,"name":"Home","item":"https:\/\/ibanez.adv.br\/"},{"@type":"ListItem","position":2,"name":"Contato"}]},{"@type":"WebSite","@id":"https:\/\/ibanez.adv.br\/#website","url":"https:\/\/ibanez.adv.br\/","name":"Iba\u00f1ez Advogados Associados","description":"","publisher":{"@id":"https:\/\/ibanez.adv.br\/#organization"},"potentialAction":[{"@type":"SearchAction","target":{"@type":"EntryPoint","urlTemplate":"https:\/\/ibanez.adv.br\/?s={search_term_string}"},"query-input":{"@type":"PropertyValueSpecification","valueRequired":true,"valueName":"search_term_string"}}],"inLanguage":"en-US"},{"@type":"Organization","@id":"https:\/\/ibanez.adv.br\/#organization","name":"Iba\u00f1ez Advogados Associados","url":"https:\/\/ibanez.adv.br\/","logo":{"@type":"ImageObject","inLanguage":"en-US","@id":"https:\/\/ibanez.adv.br\/#\/schema\/logo\/image\/","url":"","contentUrl":"","caption":"Iba\u00f1ez Advogados Associados"},"image":{"@id":"https:\/\/ibanez.adv.br\/#\/schema\/logo\/image\/"}}]}},"_links":{"self":[{"href":"https:\/\/ibanez.adv.br\/index.php\/wp-json\/wp\/v2\/pages\/2028","targetHints":{"allow":["GET"]}}],"collection":[{"href":"https:\/\/ibanez.adv.br\/index.php\/wp-json\/wp\/v2\/pages"}],"about":[{"href":"https:\/\/ibanez.adv.br\/index.php\/wp-json\/wp\/v2\/types\/page"}],"author":[{"embeddable":true,"href":"https:\/\/ibanez.adv.br\/index.php\/wp-json\/wp\/v2\/users\/2"}],"replies":[{"embeddable":true,"href":"https:\/\/ibanez.adv.br\/index.php\/wp-json\/wp\/v2\/comments?post=2028"}],"version-history":[{"count":13,"href":"https:\/\/ibanez.adv.br\/index.php\/wp-json\/wp\/v2\/pages\/2028\/revisions"}],"predecessor-version":[{"id":2501,"href":"https:\/\/ibanez.adv.br\/index.php\/wp-json\/wp\/v2\/pages\/2028\/revisions\/2501"}],"wp:attachment":[{"href":"https:\/\/ibanez.adv.br\/index.php\/wp-json\/wp\/v2\/media?parent=2028"}],"curies":[{"name":"wp","href":"https:\/\/api.w.org\/{rel}","templated":true}]}}